{"id":585,"date":"2025-12-31T14:40:04","date_gmt":"2025-12-31T14:40:04","guid":{"rendered":"https:\/\/biketourmadeira.com\/aluguer-de-motos\/"},"modified":"2026-01-05T10:59:35","modified_gmt":"2026-01-05T10:59:35","slug":"aluguer-de-motos","status":"publish","type":"page","link":"https:\/\/biketourmadeira.com\/pt-pt\/aluguer-de-motos\/","title":{"rendered":"Aluguer de motos"},"content":{"rendered":"\n<div class=\"wp-block-columns is-layout-flex wp-container-core-columns-is-layout-9d6595d7 wp-block-columns-is-layout-flex\">\n<div class=\"wp-block-column is-layout-flow wp-block-column-is-layout-flow\">\n<h3 class=\"wp-block-heading\">QJMOTOR SRV 125cc<\/h3>\n\n\n\n<figure class=\"wp-block-image size-large is-resized\"><img loading=\"lazy\" decoding=\"async\" width=\"1024\" height=\"576\" src=\"https:\/\/biketourmadeira.com\/wp-content\/uploads\/2025\/12\/qjmotor-srv125-amarillo-lateral-portada-1-1024x576.webp\" alt=\"\" class=\"wp-image-576\" style=\"width:360px\" srcset=\"https:\/\/biketourmadeira.com\/wp-content\/uploads\/2025\/12\/qjmotor-srv125-amarillo-lateral-portada-1-1024x576.webp 1024w, https:\/\/biketourmadeira.com\/wp-content\/uploads\/2025\/12\/qjmotor-srv125-amarillo-lateral-portada-1-300x169.webp 300w, https:\/\/biketourmadeira.com\/wp-content\/uploads\/2025\/12\/qjmotor-srv125-amarillo-lateral-portada-1-768x432.webp 768w, https:\/\/biketourmadeira.com\/wp-content\/uploads\/2025\/12\/qjmotor-srv125-amarillo-lateral-portada-1-1536x864.webp 1536w, https:\/\/biketourmadeira.com\/wp-content\/uploads\/2025\/12\/qjmotor-srv125-amarillo-lateral-portada-1.webp 1920w\" sizes=\"auto, (max-width: 1024px) 100vw, 1024px\" \/><\/figure>\n<\/div>\n\n\n\n<div class=\"wp-block-column is-layout-flow wp-block-column-is-layout-flow\">\n<p>Pot\u00eancia 14.9 HP. Luzes Full LED.<br>Trav\u00f5es ABS. Pa\u00ednel de instrumentos LCD.<br>Carta de condu\u00e7\u00e3o A1 necess\u00e1ria.<\/p>\n\n\n\n<p><strong>Pre\u00e7os<\/strong><\/p>\n\n\n\n<ul class=\"wp-block-list\">\n<li>1 dia &#8211; 60\u20ac por dia<\/li>\n\n\n\n<li>3 dias ou mais- 50,00\u20ac por dia <\/li>\n\n\n\n<li>7 dias ou mais &#8211; 45,00\u20ac por dia <\/li>\n<\/ul>\n\n\n\n<p>Dep\u00f3sito: 200,00\u20ac<\/p>\n\n\n\n<div class=\"wp-block-buttons is-content-justification-left is-layout-flex wp-container-core-buttons-is-layout-fdcfc74e wp-block-buttons-is-layout-flex\">\n<div class=\"wp-block-button\"><a class=\"wp-block-button__link wp-element-button\" href=\"<!--[CDATA[https:\/\/biketourmadeira.com\/booking-motorbike]]--&gt;\">Reservar agora <i class=\"far fa-hand-point-right\"><\/i><\/a><\/div>\n<\/div>\n<\/div>\n<\/div>\n\n\n\n<div class=\"wp-block-columns is-layout-flex wp-container-core-columns-is-layout-9d6595d7 wp-block-columns-is-layout-flex\">\n<div class=\"wp-block-column is-layout-flow wp-block-column-is-layout-flow\">\n<h3 class=\"wp-block-heading\">GASGAS TXT 80 TRIAL<\/h3>\n\n\n\n<figure class=\"wp-block-image size-full is-resized\"><img loading=\"lazy\" decoding=\"async\" width=\"430\" height=\"403\" src=\"https:\/\/biketourmadeira.com\/wp-content\/uploads\/2025\/12\/gr.webp\" alt=\"\" class=\"wp-image-574\" style=\"width:360px\" srcset=\"https:\/\/biketourmadeira.com\/wp-content\/uploads\/2025\/12\/gr.webp 430w, https:\/\/biketourmadeira.com\/wp-content\/uploads\/2025\/12\/gr-300x281.webp 300w\" sizes=\"auto, (max-width: 430px) 100vw, 430px\" \/><\/figure>\n<\/div>\n\n\n\n<div class=\"wp-block-column is-layout-flow wp-block-column-is-layout-flow\">\n<p><strong>Pre\u00e7os<\/strong><\/p>\n\n\n\n<ul class=\"wp-block-list\">\n<li>1 dia &#8211; 50\u20ac<\/li>\n\n\n\n<li>3 dias &#8211; 45,00\u20ac por dia<\/li>\n\n\n\n<li>7 dias ou mais &#8211; 40,00\u20ac por dia<\/li>\n<\/ul>\n\n\n\n<p><strong>Incluido:<\/strong> Guia, gasolina, prote\u00e7\u00f5es e seguro.<\/p>\n\n\n\n<p>Dep\u00f3sito: 100,00 \u20ac<\/p>\n\n\n\n<div class=\"wp-block-buttons is-content-justification-left is-layout-flex wp-container-core-buttons-is-layout-fdcfc74e wp-block-buttons-is-layout-flex\">\n<div class=\"wp-block-button\"><a class=\"wp-block-button__link wp-element-button\" href=\"<!--[CDATA[https:\/\/biketourmadeira.com\/booking-motorbike]]--&gt;\">Reservar agora <i class=\"far fa-hand-point-right\"><\/i><\/a><\/div>\n<\/div>\n<\/div>\n<\/div>\n\n\n\n<div class=\"wp-block-columns is-layout-flex wp-container-core-columns-is-layout-9d6595d7 wp-block-columns-is-layout-flex\">\n<div class=\"wp-block-column is-layout-flow wp-block-column-is-layout-flow\">\n<h3 class=\"wp-block-heading\">YAMAHA YZ450F MOTOCROSS<\/h3>\n\n\n\n<figure class=\"wp-block-image size-full is-resized\"><img loading=\"lazy\" decoding=\"async\" width=\"646\" height=\"400\" src=\"https:\/\/biketourmadeira.com\/wp-content\/uploads\/2025\/12\/yz450f-1.jpg\" alt=\"\" class=\"wp-image-569\" style=\"width:360px\" srcset=\"https:\/\/biketourmadeira.com\/wp-content\/uploads\/2025\/12\/yz450f-1.jpg 646w, https:\/\/biketourmadeira.com\/wp-content\/uploads\/2025\/12\/yz450f-1-300x186.jpg 300w\" sizes=\"auto, (max-width: 646px) 100vw, 646px\" \/><\/figure>\n<\/div>\n\n\n\n<div class=\"wp-block-column is-layout-flow wp-block-column-is-layout-flow\">\n<p><strong>Pre\u00e7os<\/strong><\/p>\n\n\n\n<ul class=\"wp-block-list\">\n<li>Meio dia &#8211; 200,00\u20ac<\/li>\n\n\n\n<li>1 dia &#8211; 250\u20ac<\/li>\n\n\n\n<li>2 dias &#8211; 400,00\u20ac<\/li>\n<\/ul>\n\n\n\n<p><strong>Incluido:<\/strong> Guia, gasolina, prote\u00e7\u00f5es e seguro.<\/p>\n\n\n\n<p>TT, Motocross<\/p>\n\n\n\n<p>Come\u00e7a: 09h30<\/p>\n\n\n\n<p>Acaba: 16h00<\/p>\n\n\n\n<p>Dep\u00f3sito: 500,00 \u20ac<\/p>\n\n\n\n<div class=\"wp-block-buttons is-content-justification-left is-layout-flex wp-container-core-buttons-is-layout-fdcfc74e wp-block-buttons-is-layout-flex\">\n<div class=\"wp-block-button\"><a class=\"wp-block-button__link wp-element-button\" href=\"<!--[CDATA[https:\/\/biketourmadeira.com\/booking-motorbike]]--&gt;\">Reservar agora <i class=\"far fa-hand-point-right\"><\/i><\/a><\/div>\n<\/div>\n<\/div>\n<\/div>\n\n\n\n<div class=\"wp-block-columns is-layout-flex wp-container-core-columns-is-layout-9d6595d7 wp-block-columns-is-layout-flex\">\n<div class=\"wp-block-column is-layout-flow wp-block-column-is-layout-flow\">\n<h3 class=\"wp-block-heading\">YAMAHA YZ250F MOTOCROSS<\/h3>\n\n\n\n<figure class=\"wp-block-image size-full is-resized\"><img loading=\"lazy\" decoding=\"async\" width=\"646\" height=\"400\" src=\"https:\/\/biketourmadeira.com\/wp-content\/uploads\/2025\/12\/yz450f-1.jpg\" alt=\"\" class=\"wp-image-569\" style=\"width:360px\" srcset=\"https:\/\/biketourmadeira.com\/wp-content\/uploads\/2025\/12\/yz450f-1.jpg 646w, https:\/\/biketourmadeira.com\/wp-content\/uploads\/2025\/12\/yz450f-1-300x186.jpg 300w\" sizes=\"auto, (max-width: 646px) 100vw, 646px\" \/><\/figure>\n<\/div>\n\n\n\n<div class=\"wp-block-column is-layout-flow wp-block-column-is-layout-flow\">\n<p><strong>Pre\u00e7os<\/strong><\/p>\n\n\n\n<ul class=\"wp-block-list\">\n<li>Meio dia &#8211; 200,00\u20ac<\/li>\n\n\n\n<li>1 dia &#8211; 250\u20ac<\/li>\n\n\n\n<li>2 dias &#8211; 400,00\u20ac<\/li>\n<\/ul>\n\n\n\n<p><strong>Incluido:<\/strong> Guia, gasolina, prote\u00e7\u00f5es e seguro.<\/p>\n\n\n\n<p>TT, Motocross<\/p>\n\n\n\n<p>Come\u00e7a: 09h30<\/p>\n\n\n\n<p>Acaba: 16h00<\/p>\n\n\n\n<p>Dep\u00f3sito: 500,00 \u20ac<\/p>\n\n\n\n<div class=\"wp-block-buttons is-content-justification-left is-layout-flex wp-container-core-buttons-is-layout-fdcfc74e wp-block-buttons-is-layout-flex\">\n<div class=\"wp-block-button\"><a class=\"wp-block-button__link wp-element-button\" href=\"<!--[CDATA[https:\/\/biketourmadeira.com\/booking-motorbike]]--&gt;\">Reservar agora <i class=\"far fa-hand-point-right\"><\/i><\/a><\/div>\n<\/div>\n<\/div>\n<\/div>\n\n\n\n<p><strong>Pre\u00e7os entrega e recolha na loja, podemos entregar e recolher em<br>qualquer parte valor consoante o sitio a entregar.<\/strong><\/p>\n","protected":false},"excerpt":{"rendered":"<p>QJMOTOR SRV 125cc Pot\u00eancia 14.9 HP. Luzes Full LED.Trav\u00f5es ABS. Pa\u00ednel de instrumentos LCD.Carta de condu\u00e7\u00e3o A1 necess\u00e1ria. Pre\u00e7os Dep\u00f3sito: 200,00\u20ac GASGAS TXT 80 TRIAL Pre\u00e7os Incluido: Guia, gasolina, prote\u00e7\u00f5es e seguro. Dep\u00f3sito: 100,00 \u20ac YAMAHA YZ450F MOTOCROSS Pre\u00e7os Incluido: Guia, gasolina, prote\u00e7\u00f5es e seguro. TT, Motocross Come\u00e7a: 09h30 Acaba: 16h00 Dep\u00f3sito: 500,00 \u20ac YAMAHA [&hellip;]<\/p>\n","protected":false},"author":1,"featured_media":0,"parent":0,"menu_order":0,"comment_status":"closed","ping_status":"closed","template":"","meta":{"footnotes":""},"class_list":["post-585","page","type-page","status-publish","hentry"],"yoast_head":"<!-- This site is optimized with the Yoast SEO plugin v27.3 - https:\/\/yoast.com\/product\/yoast-seo-wordpress\/ -->\n<title>Aluguer de motos - BIKE TOUR Madeira Island<\/title>\n<meta name=\"robots\" content=\"index, follow, max-snippet:-1, max-image-preview:large, max-video-preview:-1\" \/>\n<link rel=\"canonical\" href=\"https:\/\/biketourmadeira.com\/pt-pt\/aluguer-de-motos\/\" \/>\n<meta property=\"og:locale\" content=\"pt_PT\" \/>\n<meta property=\"og:type\" content=\"article\" \/>\n<meta property=\"og:title\" content=\"Aluguer de motos - BIKE TOUR Madeira Island\" \/>\n<meta property=\"og:description\" content=\"QJMOTOR SRV 125cc Pot\u00eancia 14.9 HP. Luzes Full LED.Trav\u00f5es ABS. Pa\u00ednel de instrumentos LCD.Carta de condu\u00e7\u00e3o A1 necess\u00e1ria. Pre\u00e7os Dep\u00f3sito: 200,00\u20ac GASGAS TXT 80 TRIAL Pre\u00e7os Incluido: Guia, gasolina, prote\u00e7\u00f5es e seguro. Dep\u00f3sito: 100,00 \u20ac YAMAHA YZ450F MOTOCROSS Pre\u00e7os Incluido: Guia, gasolina, prote\u00e7\u00f5es e seguro. TT, Motocross Come\u00e7a: 09h30 Acaba: 16h00 Dep\u00f3sito: 500,00 \u20ac YAMAHA [&hellip;]\" \/>\n<meta property=\"og:url\" content=\"https:\/\/biketourmadeira.com\/pt-pt\/aluguer-de-motos\/\" \/>\n<meta property=\"og:site_name\" content=\"BIKE TOUR Madeira Island\" \/>\n<meta property=\"article:publisher\" content=\"https:\/\/www.facebook.com\/biketourmadeira\" \/>\n<meta property=\"article:modified_time\" content=\"2026-01-05T10:59:35+00:00\" \/>\n<meta property=\"og:image\" content=\"https:\/\/biketourmadeira.com\/wp-content\/uploads\/2025\/12\/qjmotor-srv125-amarillo-lateral-portada-1.webp\" \/>\n\t<meta property=\"og:image:width\" content=\"1920\" \/>\n\t<meta property=\"og:image:height\" content=\"1080\" \/>\n\t<meta property=\"og:image:type\" content=\"image\/webp\" \/>\n<meta name=\"twitter:card\" content=\"summary_large_image\" \/>\n<meta name=\"twitter:label1\" content=\"Tempo estimado de leitura\" \/>\n\t<meta name=\"twitter:data1\" content=\"2 minutos\" \/>\n<script type=\"application\/ld+json\" class=\"yoast-schema-graph\">{\"@context\":\"https:\\\/\\\/schema.org\",\"@graph\":[{\"@type\":\"WebPage\",\"@id\":\"https:\\\/\\\/biketourmadeira.com\\\/pt-pt\\\/aluguer-de-motos\\\/\",\"url\":\"https:\\\/\\\/biketourmadeira.com\\\/pt-pt\\\/aluguer-de-motos\\\/\",\"name\":\"Aluguer de motos - BIKE TOUR Madeira Island\",\"isPartOf\":{\"@id\":\"https:\\\/\\\/biketourmadeira.com\\\/pt-pt\\\/#website\"},\"primaryImageOfPage\":{\"@id\":\"https:\\\/\\\/biketourmadeira.com\\\/pt-pt\\\/aluguer-de-motos\\\/#primaryimage\"},\"image\":{\"@id\":\"https:\\\/\\\/biketourmadeira.com\\\/pt-pt\\\/aluguer-de-motos\\\/#primaryimage\"},\"thumbnailUrl\":\"https:\\\/\\\/biketourmadeira.com\\\/wp-content\\\/uploads\\\/2025\\\/12\\\/qjmotor-srv125-amarillo-lateral-portada-1-1024x576.webp\",\"datePublished\":\"2025-12-31T14:40:04+00:00\",\"dateModified\":\"2026-01-05T10:59:35+00:00\",\"breadcrumb\":{\"@id\":\"https:\\\/\\\/biketourmadeira.com\\\/pt-pt\\\/aluguer-de-motos\\\/#breadcrumb\"},\"inLanguage\":\"pt-PT\",\"potentialAction\":[{\"@type\":\"ReadAction\",\"target\":[\"https:\\\/\\\/biketourmadeira.com\\\/pt-pt\\\/aluguer-de-motos\\\/\"]}]},{\"@type\":\"ImageObject\",\"inLanguage\":\"pt-PT\",\"@id\":\"https:\\\/\\\/biketourmadeira.com\\\/pt-pt\\\/aluguer-de-motos\\\/#primaryimage\",\"url\":\"https:\\\/\\\/biketourmadeira.com\\\/wp-content\\\/uploads\\\/2025\\\/12\\\/qjmotor-srv125-amarillo-lateral-portada-1-1024x576.webp\",\"contentUrl\":\"https:\\\/\\\/biketourmadeira.com\\\/wp-content\\\/uploads\\\/2025\\\/12\\\/qjmotor-srv125-amarillo-lateral-portada-1-1024x576.webp\"},{\"@type\":\"BreadcrumbList\",\"@id\":\"https:\\\/\\\/biketourmadeira.com\\\/pt-pt\\\/aluguer-de-motos\\\/#breadcrumb\",\"itemListElement\":[{\"@type\":\"ListItem\",\"position\":1,\"name\":\"In\u00edcio\",\"item\":\"https:\\\/\\\/biketourmadeira.com\\\/pt-pt\\\/\"},{\"@type\":\"ListItem\",\"position\":2,\"name\":\"Aluguer de motos\"}]},{\"@type\":\"WebSite\",\"@id\":\"https:\\\/\\\/biketourmadeira.com\\\/pt-pt\\\/#website\",\"url\":\"https:\\\/\\\/biketourmadeira.com\\\/pt-pt\\\/\",\"name\":\"BIKE TOUR Madeira Island\",\"description\":\"MTB Rentals, Tours, Holidays and Workshop\",\"publisher\":{\"@id\":\"https:\\\/\\\/biketourmadeira.com\\\/pt-pt\\\/#organization\"},\"potentialAction\":[{\"@type\":\"SearchAction\",\"target\":{\"@type\":\"EntryPoint\",\"urlTemplate\":\"https:\\\/\\\/biketourmadeira.com\\\/pt-pt\\\/?s={search_term_string}\"},\"query-input\":{\"@type\":\"PropertyValueSpecification\",\"valueRequired\":true,\"valueName\":\"search_term_string\"}}],\"inLanguage\":\"pt-PT\"},{\"@type\":\"Organization\",\"@id\":\"https:\\\/\\\/biketourmadeira.com\\\/pt-pt\\\/#organization\",\"name\":\"BIKE TOUR Madeira Island\",\"url\":\"https:\\\/\\\/biketourmadeira.com\\\/pt-pt\\\/\",\"logo\":{\"@type\":\"ImageObject\",\"inLanguage\":\"pt-PT\",\"@id\":\"https:\\\/\\\/biketourmadeira.com\\\/pt-pt\\\/#\\\/schema\\\/logo\\\/image\\\/\",\"url\":\"https:\\\/\\\/biketourmadeira.com\\\/wp-content\\\/uploads\\\/2023\\\/03\\\/biketourmadeira-logo.jpg\",\"contentUrl\":\"https:\\\/\\\/biketourmadeira.com\\\/wp-content\\\/uploads\\\/2023\\\/03\\\/biketourmadeira-logo.jpg\",\"width\":800,\"height\":565,\"caption\":\"BIKE TOUR Madeira Island\"},\"image\":{\"@id\":\"https:\\\/\\\/biketourmadeira.com\\\/pt-pt\\\/#\\\/schema\\\/logo\\\/image\\\/\"},\"sameAs\":[\"https:\\\/\\\/www.facebook.com\\\/biketourmadeira\",\"https:\\\/\\\/www.instagram.com\\\/biketourmadeira\\\/\"]}]}<\/script>\n<!-- \/ Yoast SEO plugin. -->","yoast_head_json":{"title":"Aluguer de motos - BIKE TOUR Madeira Island","robots":{"index":"index","follow":"follow","max-snippet":"max-snippet:-1","max-image-preview":"max-image-preview:large","max-video-preview":"max-video-preview:-1"},"canonical":"https:\/\/biketourmadeira.com\/pt-pt\/aluguer-de-motos\/","og_locale":"pt_PT","og_type":"article","og_title":"Aluguer de motos - BIKE TOUR Madeira Island","og_description":"QJMOTOR SRV 125cc Pot\u00eancia 14.9 HP. Luzes Full LED.Trav\u00f5es ABS. Pa\u00ednel de instrumentos LCD.Carta de condu\u00e7\u00e3o A1 necess\u00e1ria. Pre\u00e7os Dep\u00f3sito: 200,00\u20ac GASGAS TXT 80 TRIAL Pre\u00e7os Incluido: Guia, gasolina, prote\u00e7\u00f5es e seguro. Dep\u00f3sito: 100,00 \u20ac YAMAHA YZ450F MOTOCROSS Pre\u00e7os Incluido: Guia, gasolina, prote\u00e7\u00f5es e seguro. TT, Motocross Come\u00e7a: 09h30 Acaba: 16h00 Dep\u00f3sito: 500,00 \u20ac YAMAHA [&hellip;]","og_url":"https:\/\/biketourmadeira.com\/pt-pt\/aluguer-de-motos\/","og_site_name":"BIKE TOUR Madeira Island","article_publisher":"https:\/\/www.facebook.com\/biketourmadeira","article_modified_time":"2026-01-05T10:59:35+00:00","og_image":[{"width":1920,"height":1080,"url":"https:\/\/biketourmadeira.com\/wp-content\/uploads\/2025\/12\/qjmotor-srv125-amarillo-lateral-portada-1.webp","type":"image\/webp"}],"twitter_card":"summary_large_image","twitter_misc":{"Tempo estimado de leitura":"2 minutos"},"schema":{"@context":"https:\/\/schema.org","@graph":[{"@type":"WebPage","@id":"https:\/\/biketourmadeira.com\/pt-pt\/aluguer-de-motos\/","url":"https:\/\/biketourmadeira.com\/pt-pt\/aluguer-de-motos\/","name":"Aluguer de motos - BIKE TOUR Madeira Island","isPartOf":{"@id":"https:\/\/biketourmadeira.com\/pt-pt\/#website"},"primaryImageOfPage":{"@id":"https:\/\/biketourmadeira.com\/pt-pt\/aluguer-de-motos\/#primaryimage"},"image":{"@id":"https:\/\/biketourmadeira.com\/pt-pt\/aluguer-de-motos\/#primaryimage"},"thumbnailUrl":"https:\/\/biketourmadeira.com\/wp-content\/uploads\/2025\/12\/qjmotor-srv125-amarillo-lateral-portada-1-1024x576.webp","datePublished":"2025-12-31T14:40:04+00:00","dateModified":"2026-01-05T10:59:35+00:00","breadcrumb":{"@id":"https:\/\/biketourmadeira.com\/pt-pt\/aluguer-de-motos\/#breadcrumb"},"inLanguage":"pt-PT","potentialAction":[{"@type":"ReadAction","target":["https:\/\/biketourmadeira.com\/pt-pt\/aluguer-de-motos\/"]}]},{"@type":"ImageObject","inLanguage":"pt-PT","@id":"https:\/\/biketourmadeira.com\/pt-pt\/aluguer-de-motos\/#primaryimage","url":"https:\/\/biketourmadeira.com\/wp-content\/uploads\/2025\/12\/qjmotor-srv125-amarillo-lateral-portada-1-1024x576.webp","contentUrl":"https:\/\/biketourmadeira.com\/wp-content\/uploads\/2025\/12\/qjmotor-srv125-amarillo-lateral-portada-1-1024x576.webp"},{"@type":"BreadcrumbList","@id":"https:\/\/biketourmadeira.com\/pt-pt\/aluguer-de-motos\/#breadcrumb","itemListElement":[{"@type":"ListItem","position":1,"name":"In\u00edcio","item":"https:\/\/biketourmadeira.com\/pt-pt\/"},{"@type":"ListItem","position":2,"name":"Aluguer de motos"}]},{"@type":"WebSite","@id":"https:\/\/biketourmadeira.com\/pt-pt\/#website","url":"https:\/\/biketourmadeira.com\/pt-pt\/","name":"BIKE TOUR Madeira Island","description":"MTB Rentals, Tours, Holidays and Workshop","publisher":{"@id":"https:\/\/biketourmadeira.com\/pt-pt\/#organization"},"potentialAction":[{"@type":"SearchAction","target":{"@type":"EntryPoint","urlTemplate":"https:\/\/biketourmadeira.com\/pt-pt\/?s={search_term_string}"},"query-input":{"@type":"PropertyValueSpecification","valueRequired":true,"valueName":"search_term_string"}}],"inLanguage":"pt-PT"},{"@type":"Organization","@id":"https:\/\/biketourmadeira.com\/pt-pt\/#organization","name":"BIKE TOUR Madeira Island","url":"https:\/\/biketourmadeira.com\/pt-pt\/","logo":{"@type":"ImageObject","inLanguage":"pt-PT","@id":"https:\/\/biketourmadeira.com\/pt-pt\/#\/schema\/logo\/image\/","url":"https:\/\/biketourmadeira.com\/wp-content\/uploads\/2023\/03\/biketourmadeira-logo.jpg","contentUrl":"https:\/\/biketourmadeira.com\/wp-content\/uploads\/2023\/03\/biketourmadeira-logo.jpg","width":800,"height":565,"caption":"BIKE TOUR Madeira Island"},"image":{"@id":"https:\/\/biketourmadeira.com\/pt-pt\/#\/schema\/logo\/image\/"},"sameAs":["https:\/\/www.facebook.com\/biketourmadeira","https:\/\/www.instagram.com\/biketourmadeira\/"]}]}},"_links":{"self":[{"href":"https:\/\/biketourmadeira.com\/pt-pt\/wp-json\/wp\/v2\/pages\/585","targetHints":{"allow":["GET"]}}],"collection":[{"href":"https:\/\/biketourmadeira.com\/pt-pt\/wp-json\/wp\/v2\/pages"}],"about":[{"href":"https:\/\/biketourmadeira.com\/pt-pt\/wp-json\/wp\/v2\/types\/page"}],"author":[{"embeddable":true,"href":"https:\/\/biketourmadeira.com\/pt-pt\/wp-json\/wp\/v2\/users\/1"}],"replies":[{"embeddable":true,"href":"https:\/\/biketourmadeira.com\/pt-pt\/wp-json\/wp\/v2\/comments?post=585"}],"version-history":[{"count":2,"href":"https:\/\/biketourmadeira.com\/pt-pt\/wp-json\/wp\/v2\/pages\/585\/revisions"}],"predecessor-version":[{"id":593,"href":"https:\/\/biketourmadeira.com\/pt-pt\/wp-json\/wp\/v2\/pages\/585\/revisions\/593"}],"wp:attachment":[{"href":"https:\/\/biketourmadeira.com\/pt-pt\/wp-json\/wp\/v2\/media?parent=585"}],"curies":[{"name":"wp","href":"https:\/\/api.w.org\/{rel}","templated":true}]}}