{"id":301,"date":"2023-03-07T09:33:35","date_gmt":"2023-03-07T09:33:35","guid":{"rendered":"https:\/\/biketourmadeira.com\/termos-e-condicoes\/"},"modified":"2023-03-07T19:11:29","modified_gmt":"2023-03-07T19:11:29","slug":"termos-e-condicoes","status":"publish","type":"page","link":"https:\/\/biketourmadeira.com\/pt-pt\/termos-e-condicoes\/","title":{"rendered":"Termos e Condi\u00e7\u00f5es"},"content":{"rendered":"\n<p><strong>Idade minima:<\/strong> 18 anos, com menos s\u00f3 com autoriza\u00e7\u00e3o dos pais ou a presen\u00e7a dos mesmos.<\/p>\n\n<p><strong>Reservas aceites por:<\/strong> Site, email, telem\u00f3vel ou loja f\u00edsica.<\/p>\n\n<p><strong>Cancelamento da nossa parte<\/strong>, se n\u00e3o for o caso de condi\u00e7\u00f5es meteorol\u00f3gicas\/acidente\/transito procedemos ao pagamento do reembolso que nos foi dado, ou sugerimos outra empresa.<\/p>\n\n<p>Ter\u00e1 de fazer uma transfer\u00eancia para a nossa empresa de <strong>25% do valor total para garantir a sua reserva<\/strong>, valor esse n\u00e3o reembols\u00e1vel e o restante 75% do valor no dia da reserva e antes do passeio. Automaticamente quando recebermos a sua transfer\u00eancia concorda com os nossos termos.<\/p>\n\n<p>N\u00e3o garantimos voos ou estadias que tenha reservado, certifique-se que estar\u00e1 presente na data da reserva caso contr\u00e1rio n\u00e3o devolvemos o valor da transfer\u00eancia.<\/p>\n\n<p>Recolhemos no Aeroporto no hor\u00e1rio: <strong>9.00h &#8211; 19.00h<\/strong>, ap\u00f3s ou antes deste hor\u00e1rio o pagamento extra dever\u00e1 enviar os hor\u00e1rios dos voos para que possamos enviar o valor.<\/p>\n\n<p>O dia come\u00e7a \u00e0s <strong>09.00h<\/strong> na loja com um briefing, depois seguimos para os trilhos pelas <strong>09.30h<\/strong>, almo\u00e7o pelas <strong>13.00h<\/strong> e terminamos normalmente pelas <strong>17.00h<\/strong>.<\/p>\n\n<p>Voc\u00ea ao participar num dos nossos passeios tem de ter a mentalidade dos perigos desta atividade e de outros perigos que n\u00e3o da posse da nossa empresa. N\u00f3s n\u00e3o somos respons\u00e1veis por ferimentos\/morte\/danos que voc\u00ea possa causar em si ou noutras pessoas.<\/p>\n\n<p>Voc\u00ea \u00e9 o \u00fanico respons\u00e1vel pela bicicleta, ter\u00e1 de deixar um <strong>dep\u00f3sito de 100\u20ac<\/strong> pela bicicleta alugada que ser\u00e1 devolvido no final do passeio se a bicicleta se manter em boas condi\u00e7\u00f5es.<\/p>\n\n<p>N\u00f3s temos um mec\u00e2nico que todos os dias verifica componentes da bicicleta mas aconselhamos voc\u00ea a verificar o estado da mesma quando recolhe a bicicleta, concorda em pagar qualquer dano na bicicleta inferior ou superior ao dep\u00f3sito deixado pela mesma. Em caso de roubos ser\u00e1 pago o valor total da bicicleta em estado nova.<\/p>\n\n<p>Se as bicicletas forem dos pr\u00f3prios clientes n\u00f3s podemos guarda-las na nossa loja f\u00edsica e lava-las com uma taxa extra de <strong>7.5\u20ac<\/strong> di\u00e1rios por cada bicicleta.<\/p>\n\n<p>Concord\u00e2ncia em ser respons\u00e1vel pelo material usado da empresa e pelo seu bem estar pr\u00f3prio. Exclua sempre a responsabilidade dos s\u00f3cios,guia,condutor e entidades associadas a empresa qualquer a\u00e7\u00e3o praticada por si.<\/p>\n","protected":false},"excerpt":{"rendered":"<p>Idade minima: 18 anos, com menos s\u00f3 com autoriza\u00e7\u00e3o dos pais ou a presen\u00e7a dos mesmos. Reservas aceites por: Site, email, telem\u00f3vel ou loja f\u00edsica. Cancelamento da nossa parte, se n\u00e3o for o caso de condi\u00e7\u00f5es meteorol\u00f3gicas\/acidente\/transito procedemos ao pagamento do reembolso que nos foi dado, ou sugerimos outra empresa. Ter\u00e1 de fazer uma transfer\u00eancia [&hellip;]<\/p>\n","protected":false},"author":1,"featured_media":0,"parent":0,"menu_order":0,"comment_status":"closed","ping_status":"closed","template":"","meta":{"footnotes":""},"class_list":["post-301","page","type-page","status-publish","hentry"],"yoast_head":"<!-- This site is optimized with the Yoast SEO plugin v27.5 - https:\/\/yoast.com\/product\/yoast-seo-wordpress\/ -->\n<title>Termos e Condi\u00e7\u00f5es - BIKE TOUR Madeira Island<\/title>\n<meta name=\"robots\" content=\"index, follow, max-snippet:-1, max-image-preview:large, max-video-preview:-1\" \/>\n<link rel=\"canonical\" href=\"https:\/\/biketourmadeira.com\/pt-pt\/termos-e-condicoes\/\" \/>\n<meta property=\"og:locale\" content=\"pt_PT\" \/>\n<meta property=\"og:type\" content=\"article\" \/>\n<meta property=\"og:title\" content=\"Termos e Condi\u00e7\u00f5es - BIKE TOUR Madeira Island\" \/>\n<meta property=\"og:description\" content=\"Idade minima: 18 anos, com menos s\u00f3 com autoriza\u00e7\u00e3o dos pais ou a presen\u00e7a dos mesmos. Reservas aceites por: Site, email, telem\u00f3vel ou loja f\u00edsica. Cancelamento da nossa parte, se n\u00e3o for o caso de condi\u00e7\u00f5es meteorol\u00f3gicas\/acidente\/transito procedemos ao pagamento do reembolso que nos foi dado, ou sugerimos outra empresa. Ter\u00e1 de fazer uma transfer\u00eancia [&hellip;]\" \/>\n<meta property=\"og:url\" content=\"https:\/\/biketourmadeira.com\/pt-pt\/termos-e-condicoes\/\" \/>\n<meta property=\"og:site_name\" content=\"BIKE TOUR Madeira Island\" \/>\n<meta property=\"article:publisher\" content=\"https:\/\/www.facebook.com\/biketourmadeira\" \/>\n<meta property=\"article:modified_time\" content=\"2023-03-07T19:11:29+00:00\" \/>\n<meta name=\"twitter:card\" content=\"summary_large_image\" \/>\n<meta name=\"twitter:label1\" content=\"Tempo estimado de leitura\" \/>\n\t<meta name=\"twitter:data1\" content=\"2 minutos\" \/>\n<script type=\"application\/ld+json\" class=\"yoast-schema-graph\">{\"@context\":\"https:\\\/\\\/schema.org\",\"@graph\":[{\"@type\":\"WebPage\",\"@id\":\"https:\\\/\\\/biketourmadeira.com\\\/pt-pt\\\/termos-e-condicoes\\\/\",\"url\":\"https:\\\/\\\/biketourmadeira.com\\\/pt-pt\\\/termos-e-condicoes\\\/\",\"name\":\"Termos e Condi\u00e7\u00f5es - BIKE TOUR Madeira Island\",\"isPartOf\":{\"@id\":\"https:\\\/\\\/biketourmadeira.com\\\/pt-pt\\\/#website\"},\"datePublished\":\"2023-03-07T09:33:35+00:00\",\"dateModified\":\"2023-03-07T19:11:29+00:00\",\"breadcrumb\":{\"@id\":\"https:\\\/\\\/biketourmadeira.com\\\/pt-pt\\\/termos-e-condicoes\\\/#breadcrumb\"},\"inLanguage\":\"pt-PT\",\"potentialAction\":[{\"@type\":\"ReadAction\",\"target\":[\"https:\\\/\\\/biketourmadeira.com\\\/pt-pt\\\/termos-e-condicoes\\\/\"]}]},{\"@type\":\"BreadcrumbList\",\"@id\":\"https:\\\/\\\/biketourmadeira.com\\\/pt-pt\\\/termos-e-condicoes\\\/#breadcrumb\",\"itemListElement\":[{\"@type\":\"ListItem\",\"position\":1,\"name\":\"In\u00edcio\",\"item\":\"https:\\\/\\\/biketourmadeira.com\\\/pt-pt\\\/\"},{\"@type\":\"ListItem\",\"position\":2,\"name\":\"Termos e Condi\u00e7\u00f5es\"}]},{\"@type\":\"WebSite\",\"@id\":\"https:\\\/\\\/biketourmadeira.com\\\/pt-pt\\\/#website\",\"url\":\"https:\\\/\\\/biketourmadeira.com\\\/pt-pt\\\/\",\"name\":\"BIKE TOUR Madeira Island\",\"description\":\"MTB Rentals, Tours, Holidays and Workshop\",\"publisher\":{\"@id\":\"https:\\\/\\\/biketourmadeira.com\\\/pt-pt\\\/#organization\"},\"potentialAction\":[{\"@type\":\"SearchAction\",\"target\":{\"@type\":\"EntryPoint\",\"urlTemplate\":\"https:\\\/\\\/biketourmadeira.com\\\/pt-pt\\\/?s={search_term_string}\"},\"query-input\":{\"@type\":\"PropertyValueSpecification\",\"valueRequired\":true,\"valueName\":\"search_term_string\"}}],\"inLanguage\":\"pt-PT\"},{\"@type\":\"Organization\",\"@id\":\"https:\\\/\\\/biketourmadeira.com\\\/pt-pt\\\/#organization\",\"name\":\"BIKE TOUR Madeira Island\",\"url\":\"https:\\\/\\\/biketourmadeira.com\\\/pt-pt\\\/\",\"logo\":{\"@type\":\"ImageObject\",\"inLanguage\":\"pt-PT\",\"@id\":\"https:\\\/\\\/biketourmadeira.com\\\/pt-pt\\\/#\\\/schema\\\/logo\\\/image\\\/\",\"url\":\"https:\\\/\\\/biketourmadeira.com\\\/wp-content\\\/uploads\\\/2023\\\/03\\\/biketourmadeira-logo.jpg\",\"contentUrl\":\"https:\\\/\\\/biketourmadeira.com\\\/wp-content\\\/uploads\\\/2023\\\/03\\\/biketourmadeira-logo.jpg\",\"width\":800,\"height\":565,\"caption\":\"BIKE TOUR Madeira Island\"},\"image\":{\"@id\":\"https:\\\/\\\/biketourmadeira.com\\\/pt-pt\\\/#\\\/schema\\\/logo\\\/image\\\/\"},\"sameAs\":[\"https:\\\/\\\/www.facebook.com\\\/biketourmadeira\",\"https:\\\/\\\/www.instagram.com\\\/biketourmadeira\\\/\"]}]}<\/script>\n<!-- \/ Yoast SEO plugin. -->","yoast_head_json":{"title":"Termos e Condi\u00e7\u00f5es - BIKE TOUR Madeira Island","robots":{"index":"index","follow":"follow","max-snippet":"max-snippet:-1","max-image-preview":"max-image-preview:large","max-video-preview":"max-video-preview:-1"},"canonical":"https:\/\/biketourmadeira.com\/pt-pt\/termos-e-condicoes\/","og_locale":"pt_PT","og_type":"article","og_title":"Termos e Condi\u00e7\u00f5es - BIKE TOUR Madeira Island","og_description":"Idade minima: 18 anos, com menos s\u00f3 com autoriza\u00e7\u00e3o dos pais ou a presen\u00e7a dos mesmos. Reservas aceites por: Site, email, telem\u00f3vel ou loja f\u00edsica. Cancelamento da nossa parte, se n\u00e3o for o caso de condi\u00e7\u00f5es meteorol\u00f3gicas\/acidente\/transito procedemos ao pagamento do reembolso que nos foi dado, ou sugerimos outra empresa. Ter\u00e1 de fazer uma transfer\u00eancia [&hellip;]","og_url":"https:\/\/biketourmadeira.com\/pt-pt\/termos-e-condicoes\/","og_site_name":"BIKE TOUR Madeira Island","article_publisher":"https:\/\/www.facebook.com\/biketourmadeira","article_modified_time":"2023-03-07T19:11:29+00:00","twitter_card":"summary_large_image","twitter_misc":{"Tempo estimado de leitura":"2 minutos"},"schema":{"@context":"https:\/\/schema.org","@graph":[{"@type":"WebPage","@id":"https:\/\/biketourmadeira.com\/pt-pt\/termos-e-condicoes\/","url":"https:\/\/biketourmadeira.com\/pt-pt\/termos-e-condicoes\/","name":"Termos e Condi\u00e7\u00f5es - BIKE TOUR Madeira Island","isPartOf":{"@id":"https:\/\/biketourmadeira.com\/pt-pt\/#website"},"datePublished":"2023-03-07T09:33:35+00:00","dateModified":"2023-03-07T19:11:29+00:00","breadcrumb":{"@id":"https:\/\/biketourmadeira.com\/pt-pt\/termos-e-condicoes\/#breadcrumb"},"inLanguage":"pt-PT","potentialAction":[{"@type":"ReadAction","target":["https:\/\/biketourmadeira.com\/pt-pt\/termos-e-condicoes\/"]}]},{"@type":"BreadcrumbList","@id":"https:\/\/biketourmadeira.com\/pt-pt\/termos-e-condicoes\/#breadcrumb","itemListElement":[{"@type":"ListItem","position":1,"name":"In\u00edcio","item":"https:\/\/biketourmadeira.com\/pt-pt\/"},{"@type":"ListItem","position":2,"name":"Termos e Condi\u00e7\u00f5es"}]},{"@type":"WebSite","@id":"https:\/\/biketourmadeira.com\/pt-pt\/#website","url":"https:\/\/biketourmadeira.com\/pt-pt\/","name":"BIKE TOUR Madeira Island","description":"MTB Rentals, Tours, Holidays and Workshop","publisher":{"@id":"https:\/\/biketourmadeira.com\/pt-pt\/#organization"},"potentialAction":[{"@type":"SearchAction","target":{"@type":"EntryPoint","urlTemplate":"https:\/\/biketourmadeira.com\/pt-pt\/?s={search_term_string}"},"query-input":{"@type":"PropertyValueSpecification","valueRequired":true,"valueName":"search_term_string"}}],"inLanguage":"pt-PT"},{"@type":"Organization","@id":"https:\/\/biketourmadeira.com\/pt-pt\/#organization","name":"BIKE TOUR Madeira Island","url":"https:\/\/biketourmadeira.com\/pt-pt\/","logo":{"@type":"ImageObject","inLanguage":"pt-PT","@id":"https:\/\/biketourmadeira.com\/pt-pt\/#\/schema\/logo\/image\/","url":"https:\/\/biketourmadeira.com\/wp-content\/uploads\/2023\/03\/biketourmadeira-logo.jpg","contentUrl":"https:\/\/biketourmadeira.com\/wp-content\/uploads\/2023\/03\/biketourmadeira-logo.jpg","width":800,"height":565,"caption":"BIKE TOUR Madeira Island"},"image":{"@id":"https:\/\/biketourmadeira.com\/pt-pt\/#\/schema\/logo\/image\/"},"sameAs":["https:\/\/www.facebook.com\/biketourmadeira","https:\/\/www.instagram.com\/biketourmadeira\/"]}]}},"_links":{"self":[{"href":"https:\/\/biketourmadeira.com\/pt-pt\/wp-json\/wp\/v2\/pages\/301","targetHints":{"allow":["GET"]}}],"collection":[{"href":"https:\/\/biketourmadeira.com\/pt-pt\/wp-json\/wp\/v2\/pages"}],"about":[{"href":"https:\/\/biketourmadeira.com\/pt-pt\/wp-json\/wp\/v2\/types\/page"}],"author":[{"embeddable":true,"href":"https:\/\/biketourmadeira.com\/pt-pt\/wp-json\/wp\/v2\/users\/1"}],"replies":[{"embeddable":true,"href":"https:\/\/biketourmadeira.com\/pt-pt\/wp-json\/wp\/v2\/comments?post=301"}],"version-history":[{"count":3,"href":"https:\/\/biketourmadeira.com\/pt-pt\/wp-json\/wp\/v2\/pages\/301\/revisions"}],"predecessor-version":[{"id":335,"href":"https:\/\/biketourmadeira.com\/pt-pt\/wp-json\/wp\/v2\/pages\/301\/revisions\/335"}],"wp:attachment":[{"href":"https:\/\/biketourmadeira.com\/pt-pt\/wp-json\/wp\/v2\/media?parent=301"}],"curies":[{"name":"wp","href":"https:\/\/api.w.org\/{rel}","templated":true}]}}