{"id":293,"date":"2023-02-13T14:59:43","date_gmt":"2023-02-13T14:59:43","guid":{"rendered":"https:\/\/biketourmadeira.com\/passeios\/"},"modified":"2025-01-08T09:07:48","modified_gmt":"2025-01-08T09:07:48","slug":"passeios","status":"publish","type":"page","link":"https:\/\/biketourmadeira.com\/pt-pt\/passeios\/","title":{"rendered":"Passeios"},"content":{"rendered":"\n<h2 class=\"wp-block-heading\">BTT Enduro na Ilha da Madeira significa ser transportado at\u00e9 as montanhas mais altas para usufruir das melhores descidas, saltar, ultrapassar se\u00e7\u00f5es t\u00e9cnicas e zonas de pedras, aproveitando ao m\u00e1ximo a pedalada.<\/h2>\n\n\n\n<div class=\"wp-block-columns is-layout-flex wp-container-core-columns-is-layout-9d6595d7 wp-block-columns-is-layout-flex\">\n<div class=\"wp-block-column is-layout-flow wp-block-column-is-layout-flow\">\n<h3 class=\"wp-block-heading\">Enduro com bicicleta alugada<\/h3>\n\n\n\n<ul class=\"wp-block-list\">\n<li><strong>110,00 \u20ac<\/strong> meio dia<\/li>\n\n\n\n<li><strong>140,00 \u20ac<\/strong> por dia<\/li>\n\n\n\n<li><strong>130,00 \u20ac<\/strong> por dia (3 ou mais dias)<\/li>\n<\/ul>\n\n\n\n<p><strong>Minimo:<\/strong> 2 pessoas<\/p>\n\n\n\n<p><strong>Inclui:<\/strong> Bicicleta, Prote\u00e7\u00f5es (Capacete, Joelheiras e Luvas), Seguro, Licen\u00e7a, Guia e Transporte.<\/p>\n<\/div>\n\n\n\n<div class=\"wp-block-column is-layout-flow wp-block-column-is-layout-flow\">\n<h3 class=\"wp-block-heading\">Enduro com bicicleta pr\u00f3pria<\/h3>\n\n\n\n<ul class=\"wp-block-list\">\n<li><strong>80,00 \u20ac<\/strong> por dia<\/li>\n\n\n\n<li><strong>75,00 \u20ac<\/strong> por dia (3 ou mais dias)<\/li>\n<\/ul>\n\n\n\n<p><strong>Minimo: <\/strong>3 pessoas<\/p>\n\n\n\n<p><strong>Inclui:<\/strong> Seguro, Licen\u00e7a, Guia e Transporte.<\/p>\n<\/div>\n<\/div>\n\n\n\n<p class=\"has-text-align-center\"><strong>Recolha:<\/strong> Calheta (gratuito para 4 ou mais pessoas), fora (ser\u00e1 calculado com base na dist\u00e2ncia)<\/p>\n\n\n\n<div class=\"wp-block-buttons is-layout-flex wp-block-buttons-is-layout-flex\">\n<div class=\"wp-block-button aligncenter\"><a class=\"wp-block-button__link wp-element-button\" href=\"https:\/\/biketourmadeira.com\/pt-pt\/reservar\/\">Reservar agora <i class=\"far fa-hand-point-right\"><\/i><\/a><\/div>\n<\/div>\n\n\n\n<figure class=\"wp-block-gallery has-nested-images columns-2 is-cropped owl-gallery-2 mt-4 wp-block-gallery-1 is-layout-flex wp-block-gallery-is-layout-flex\">\n<figure class=\"wp-block-image size-large\"><img loading=\"lazy\" decoding=\"async\" width=\"1024\" height=\"682\" data-id=\"174\" src=\"https:\/\/biketourmadeira.com\/wp-content\/uploads\/2023\/03\/BIKETOUR-112-1024x682.jpg\" alt=\"btt\" class=\"wp-image-174\" srcset=\"https:\/\/biketourmadeira.com\/wp-content\/uploads\/2023\/03\/BIKETOUR-112-1024x682.jpg 1024w, https:\/\/biketourmadeira.com\/wp-content\/uploads\/2023\/03\/BIKETOUR-112-300x200.jpg 300w, https:\/\/biketourmadeira.com\/wp-content\/uploads\/2023\/03\/BIKETOUR-112-768x512.jpg 768w, https:\/\/biketourmadeira.com\/wp-content\/uploads\/2023\/03\/BIKETOUR-112.jpg 1280w\" sizes=\"auto, (max-width: 1024px) 100vw, 1024px\" \/><\/figure>\n\n\n\n<figure class=\"wp-block-image size-large\"><img loading=\"lazy\" decoding=\"async\" width=\"1024\" height=\"682\" data-id=\"171\" src=\"https:\/\/biketourmadeira.com\/wp-content\/uploads\/2023\/03\/BIKETOUR-059-1024x682.jpg\" alt=\"enduro\" class=\"wp-image-171\" srcset=\"https:\/\/biketourmadeira.com\/wp-content\/uploads\/2023\/03\/BIKETOUR-059-1024x682.jpg 1024w, https:\/\/biketourmadeira.com\/wp-content\/uploads\/2023\/03\/BIKETOUR-059-300x200.jpg 300w, https:\/\/biketourmadeira.com\/wp-content\/uploads\/2023\/03\/BIKETOUR-059-768x512.jpg 768w, https:\/\/biketourmadeira.com\/wp-content\/uploads\/2023\/03\/BIKETOUR-059.jpg 1280w\" sizes=\"auto, (max-width: 1024px) 100vw, 1024px\" \/><\/figure>\n\n\n\n<figure class=\"wp-block-image size-large\"><img loading=\"lazy\" decoding=\"async\" width=\"1024\" height=\"682\" data-id=\"173\" src=\"https:\/\/biketourmadeira.com\/wp-content\/uploads\/2023\/03\/BIKETOUR-038-1024x682.jpg\" alt=\"saltar\" class=\"wp-image-173\" srcset=\"https:\/\/biketourmadeira.com\/wp-content\/uploads\/2023\/03\/BIKETOUR-038-1024x682.jpg 1024w, https:\/\/biketourmadeira.com\/wp-content\/uploads\/2023\/03\/BIKETOUR-038-300x200.jpg 300w, https:\/\/biketourmadeira.com\/wp-content\/uploads\/2023\/03\/BIKETOUR-038-768x512.jpg 768w, https:\/\/biketourmadeira.com\/wp-content\/uploads\/2023\/03\/BIKETOUR-038.jpg 1280w\" sizes=\"auto, (max-width: 1024px) 100vw, 1024px\" \/><\/figure>\n\n\n\n<figure class=\"wp-block-image size-large\"><img loading=\"lazy\" decoding=\"async\" width=\"1024\" height=\"682\" data-id=\"172\" src=\"https:\/\/biketourmadeira.com\/wp-content\/uploads\/2023\/03\/BIKETOUR-089-1-1024x682.jpg\" alt=\"ilha da madeira\" class=\"wp-image-172\" srcset=\"https:\/\/biketourmadeira.com\/wp-content\/uploads\/2023\/03\/BIKETOUR-089-1-1024x682.jpg 1024w, https:\/\/biketourmadeira.com\/wp-content\/uploads\/2023\/03\/BIKETOUR-089-1-300x200.jpg 300w, https:\/\/biketourmadeira.com\/wp-content\/uploads\/2023\/03\/BIKETOUR-089-1-768x512.jpg 768w, https:\/\/biketourmadeira.com\/wp-content\/uploads\/2023\/03\/BIKETOUR-089-1.jpg 1280w\" sizes=\"auto, (max-width: 1024px) 100vw, 1024px\" \/><\/figure>\n\n\n\n<figure class=\"wp-block-image size-large\"><img loading=\"lazy\" decoding=\"async\" width=\"1024\" height=\"682\" data-id=\"170\" src=\"https:\/\/biketourmadeira.com\/wp-content\/uploads\/2023\/03\/BIKETOUR-131-1024x682.jpg\" alt=\"grupos\" class=\"wp-image-170\" srcset=\"https:\/\/biketourmadeira.com\/wp-content\/uploads\/2023\/03\/BIKETOUR-131-1024x682.jpg 1024w, https:\/\/biketourmadeira.com\/wp-content\/uploads\/2023\/03\/BIKETOUR-131-300x200.jpg 300w, https:\/\/biketourmadeira.com\/wp-content\/uploads\/2023\/03\/BIKETOUR-131-768x512.jpg 768w, https:\/\/biketourmadeira.com\/wp-content\/uploads\/2023\/03\/BIKETOUR-131.jpg 1280w\" sizes=\"auto, (max-width: 1024px) 100vw, 1024px\" \/><\/figure>\n<\/figure>\n","protected":false},"excerpt":{"rendered":"<p>BTT Enduro na Ilha da Madeira significa ser transportado at\u00e9 as montanhas mais altas para usufruir das melhores descidas, saltar, ultrapassar se\u00e7\u00f5es t\u00e9cnicas e zonas de pedras, aproveitando ao m\u00e1ximo a pedalada. Enduro com bicicleta alugada Minimo: 2 pessoas Inclui: Bicicleta, Prote\u00e7\u00f5es (Capacete, Joelheiras e Luvas), Seguro, Licen\u00e7a, Guia e Transporte. Enduro com bicicleta pr\u00f3pria [&hellip;]<\/p>\n","protected":false},"author":1,"featured_media":0,"parent":0,"menu_order":0,"comment_status":"closed","ping_status":"closed","template":"","meta":{"footnotes":""},"class_list":["post-293","page","type-page","status-publish","hentry"],"yoast_head":"<!-- This site is optimized with the Yoast SEO plugin v27.5 - https:\/\/yoast.com\/product\/yoast-seo-wordpress\/ -->\n<title>Passeios - BIKE TOUR Madeira Island<\/title>\n<meta name=\"description\" content=\"BTT Enduro na Ilha da Madeira significa ser transportado at\u00e9 as montanhas mais altas para usufruir das melhores descidas, saltar, ultrapassar se\u00e7\u00f5es t\u00e9cnicas e zonas de pedras, aproveitando ao m\u00e1ximo a pedalada.\" \/>\n<meta name=\"robots\" content=\"index, follow, max-snippet:-1, max-image-preview:large, max-video-preview:-1\" \/>\n<link rel=\"canonical\" href=\"https:\/\/biketourmadeira.com\/pt-pt\/passeios\/\" \/>\n<meta property=\"og:locale\" content=\"pt_PT\" \/>\n<meta property=\"og:type\" content=\"article\" \/>\n<meta property=\"og:title\" content=\"Passeios - BIKE TOUR Madeira Island\" \/>\n<meta property=\"og:description\" content=\"BTT Enduro na Ilha da Madeira significa ser transportado at\u00e9 as montanhas mais altas para usufruir das melhores descidas, saltar, ultrapassar se\u00e7\u00f5es t\u00e9cnicas e zonas de pedras, aproveitando ao m\u00e1ximo a pedalada.\" \/>\n<meta property=\"og:url\" content=\"https:\/\/biketourmadeira.com\/pt-pt\/passeios\/\" \/>\n<meta property=\"og:site_name\" content=\"BIKE TOUR Madeira Island\" \/>\n<meta property=\"article:publisher\" content=\"https:\/\/www.facebook.com\/biketourmadeira\" \/>\n<meta property=\"article:modified_time\" content=\"2025-01-08T09:07:48+00:00\" \/>\n<meta property=\"og:image\" content=\"https:\/\/biketourmadeira.com\/wp-content\/uploads\/2023\/03\/BIKETOUR-112.jpg\" \/>\n\t<meta property=\"og:image:width\" content=\"1280\" \/>\n\t<meta property=\"og:image:height\" content=\"853\" \/>\n\t<meta property=\"og:image:type\" content=\"image\/jpeg\" \/>\n<meta name=\"twitter:card\" content=\"summary_large_image\" \/>\n<meta name=\"twitter:label1\" content=\"Tempo estimado de leitura\" \/>\n\t<meta name=\"twitter:data1\" content=\"2 minutos\" \/>\n<script type=\"application\/ld+json\" class=\"yoast-schema-graph\">{\"@context\":\"https:\\\/\\\/schema.org\",\"@graph\":[{\"@type\":\"WebPage\",\"@id\":\"https:\\\/\\\/biketourmadeira.com\\\/pt-pt\\\/passeios\\\/\",\"url\":\"https:\\\/\\\/biketourmadeira.com\\\/pt-pt\\\/passeios\\\/\",\"name\":\"Passeios - BIKE TOUR Madeira Island\",\"isPartOf\":{\"@id\":\"https:\\\/\\\/biketourmadeira.com\\\/pt-pt\\\/#website\"},\"primaryImageOfPage\":{\"@id\":\"https:\\\/\\\/biketourmadeira.com\\\/pt-pt\\\/passeios\\\/#primaryimage\"},\"image\":{\"@id\":\"https:\\\/\\\/biketourmadeira.com\\\/pt-pt\\\/passeios\\\/#primaryimage\"},\"thumbnailUrl\":\"https:\\\/\\\/biketourmadeira.com\\\/wp-content\\\/uploads\\\/2023\\\/03\\\/BIKETOUR-112-1024x682.jpg\",\"datePublished\":\"2023-02-13T14:59:43+00:00\",\"dateModified\":\"2025-01-08T09:07:48+00:00\",\"description\":\"BTT Enduro na Ilha da Madeira significa ser transportado at\u00e9 as montanhas mais altas para usufruir das melhores descidas, saltar, ultrapassar se\u00e7\u00f5es t\u00e9cnicas e zonas de pedras, aproveitando ao m\u00e1ximo a pedalada.\",\"breadcrumb\":{\"@id\":\"https:\\\/\\\/biketourmadeira.com\\\/pt-pt\\\/passeios\\\/#breadcrumb\"},\"inLanguage\":\"pt-PT\",\"potentialAction\":[{\"@type\":\"ReadAction\",\"target\":[\"https:\\\/\\\/biketourmadeira.com\\\/pt-pt\\\/passeios\\\/\"]}]},{\"@type\":\"ImageObject\",\"inLanguage\":\"pt-PT\",\"@id\":\"https:\\\/\\\/biketourmadeira.com\\\/pt-pt\\\/passeios\\\/#primaryimage\",\"url\":\"https:\\\/\\\/biketourmadeira.com\\\/wp-content\\\/uploads\\\/2023\\\/03\\\/BIKETOUR-112-1024x682.jpg\",\"contentUrl\":\"https:\\\/\\\/biketourmadeira.com\\\/wp-content\\\/uploads\\\/2023\\\/03\\\/BIKETOUR-112-1024x682.jpg\"},{\"@type\":\"BreadcrumbList\",\"@id\":\"https:\\\/\\\/biketourmadeira.com\\\/pt-pt\\\/passeios\\\/#breadcrumb\",\"itemListElement\":[{\"@type\":\"ListItem\",\"position\":1,\"name\":\"In\u00edcio\",\"item\":\"https:\\\/\\\/biketourmadeira.com\\\/pt-pt\\\/\"},{\"@type\":\"ListItem\",\"position\":2,\"name\":\"Passeios\"}]},{\"@type\":\"WebSite\",\"@id\":\"https:\\\/\\\/biketourmadeira.com\\\/pt-pt\\\/#website\",\"url\":\"https:\\\/\\\/biketourmadeira.com\\\/pt-pt\\\/\",\"name\":\"BIKE TOUR Madeira Island\",\"description\":\"MTB Rentals, Tours, Holidays and Workshop\",\"publisher\":{\"@id\":\"https:\\\/\\\/biketourmadeira.com\\\/pt-pt\\\/#organization\"},\"potentialAction\":[{\"@type\":\"SearchAction\",\"target\":{\"@type\":\"EntryPoint\",\"urlTemplate\":\"https:\\\/\\\/biketourmadeira.com\\\/pt-pt\\\/?s={search_term_string}\"},\"query-input\":{\"@type\":\"PropertyValueSpecification\",\"valueRequired\":true,\"valueName\":\"search_term_string\"}}],\"inLanguage\":\"pt-PT\"},{\"@type\":\"Organization\",\"@id\":\"https:\\\/\\\/biketourmadeira.com\\\/pt-pt\\\/#organization\",\"name\":\"BIKE TOUR Madeira Island\",\"url\":\"https:\\\/\\\/biketourmadeira.com\\\/pt-pt\\\/\",\"logo\":{\"@type\":\"ImageObject\",\"inLanguage\":\"pt-PT\",\"@id\":\"https:\\\/\\\/biketourmadeira.com\\\/pt-pt\\\/#\\\/schema\\\/logo\\\/image\\\/\",\"url\":\"https:\\\/\\\/biketourmadeira.com\\\/wp-content\\\/uploads\\\/2023\\\/03\\\/biketourmadeira-logo.jpg\",\"contentUrl\":\"https:\\\/\\\/biketourmadeira.com\\\/wp-content\\\/uploads\\\/2023\\\/03\\\/biketourmadeira-logo.jpg\",\"width\":800,\"height\":565,\"caption\":\"BIKE TOUR Madeira Island\"},\"image\":{\"@id\":\"https:\\\/\\\/biketourmadeira.com\\\/pt-pt\\\/#\\\/schema\\\/logo\\\/image\\\/\"},\"sameAs\":[\"https:\\\/\\\/www.facebook.com\\\/biketourmadeira\",\"https:\\\/\\\/www.instagram.com\\\/biketourmadeira\\\/\"]}]}<\/script>\n<!-- \/ Yoast SEO plugin. -->","yoast_head_json":{"title":"Passeios - BIKE TOUR Madeira Island","description":"BTT Enduro na Ilha da Madeira significa ser transportado at\u00e9 as montanhas mais altas para usufruir das melhores descidas, saltar, ultrapassar se\u00e7\u00f5es t\u00e9cnicas e zonas de pedras, aproveitando ao m\u00e1ximo a pedalada.","robots":{"index":"index","follow":"follow","max-snippet":"max-snippet:-1","max-image-preview":"max-image-preview:large","max-video-preview":"max-video-preview:-1"},"canonical":"https:\/\/biketourmadeira.com\/pt-pt\/passeios\/","og_locale":"pt_PT","og_type":"article","og_title":"Passeios - BIKE TOUR Madeira Island","og_description":"BTT Enduro na Ilha da Madeira significa ser transportado at\u00e9 as montanhas mais altas para usufruir das melhores descidas, saltar, ultrapassar se\u00e7\u00f5es t\u00e9cnicas e zonas de pedras, aproveitando ao m\u00e1ximo a pedalada.","og_url":"https:\/\/biketourmadeira.com\/pt-pt\/passeios\/","og_site_name":"BIKE TOUR Madeira Island","article_publisher":"https:\/\/www.facebook.com\/biketourmadeira","article_modified_time":"2025-01-08T09:07:48+00:00","og_image":[{"width":1280,"height":853,"url":"https:\/\/biketourmadeira.com\/wp-content\/uploads\/2023\/03\/BIKETOUR-112.jpg","type":"image\/jpeg"}],"twitter_card":"summary_large_image","twitter_misc":{"Tempo estimado de leitura":"2 minutos"},"schema":{"@context":"https:\/\/schema.org","@graph":[{"@type":"WebPage","@id":"https:\/\/biketourmadeira.com\/pt-pt\/passeios\/","url":"https:\/\/biketourmadeira.com\/pt-pt\/passeios\/","name":"Passeios - BIKE TOUR Madeira Island","isPartOf":{"@id":"https:\/\/biketourmadeira.com\/pt-pt\/#website"},"primaryImageOfPage":{"@id":"https:\/\/biketourmadeira.com\/pt-pt\/passeios\/#primaryimage"},"image":{"@id":"https:\/\/biketourmadeira.com\/pt-pt\/passeios\/#primaryimage"},"thumbnailUrl":"https:\/\/biketourmadeira.com\/wp-content\/uploads\/2023\/03\/BIKETOUR-112-1024x682.jpg","datePublished":"2023-02-13T14:59:43+00:00","dateModified":"2025-01-08T09:07:48+00:00","description":"BTT Enduro na Ilha da Madeira significa ser transportado at\u00e9 as montanhas mais altas para usufruir das melhores descidas, saltar, ultrapassar se\u00e7\u00f5es t\u00e9cnicas e zonas de pedras, aproveitando ao m\u00e1ximo a pedalada.","breadcrumb":{"@id":"https:\/\/biketourmadeira.com\/pt-pt\/passeios\/#breadcrumb"},"inLanguage":"pt-PT","potentialAction":[{"@type":"ReadAction","target":["https:\/\/biketourmadeira.com\/pt-pt\/passeios\/"]}]},{"@type":"ImageObject","inLanguage":"pt-PT","@id":"https:\/\/biketourmadeira.com\/pt-pt\/passeios\/#primaryimage","url":"https:\/\/biketourmadeira.com\/wp-content\/uploads\/2023\/03\/BIKETOUR-112-1024x682.jpg","contentUrl":"https:\/\/biketourmadeira.com\/wp-content\/uploads\/2023\/03\/BIKETOUR-112-1024x682.jpg"},{"@type":"BreadcrumbList","@id":"https:\/\/biketourmadeira.com\/pt-pt\/passeios\/#breadcrumb","itemListElement":[{"@type":"ListItem","position":1,"name":"In\u00edcio","item":"https:\/\/biketourmadeira.com\/pt-pt\/"},{"@type":"ListItem","position":2,"name":"Passeios"}]},{"@type":"WebSite","@id":"https:\/\/biketourmadeira.com\/pt-pt\/#website","url":"https:\/\/biketourmadeira.com\/pt-pt\/","name":"BIKE TOUR Madeira Island","description":"MTB Rentals, Tours, Holidays and Workshop","publisher":{"@id":"https:\/\/biketourmadeira.com\/pt-pt\/#organization"},"potentialAction":[{"@type":"SearchAction","target":{"@type":"EntryPoint","urlTemplate":"https:\/\/biketourmadeira.com\/pt-pt\/?s={search_term_string}"},"query-input":{"@type":"PropertyValueSpecification","valueRequired":true,"valueName":"search_term_string"}}],"inLanguage":"pt-PT"},{"@type":"Organization","@id":"https:\/\/biketourmadeira.com\/pt-pt\/#organization","name":"BIKE TOUR Madeira Island","url":"https:\/\/biketourmadeira.com\/pt-pt\/","logo":{"@type":"ImageObject","inLanguage":"pt-PT","@id":"https:\/\/biketourmadeira.com\/pt-pt\/#\/schema\/logo\/image\/","url":"https:\/\/biketourmadeira.com\/wp-content\/uploads\/2023\/03\/biketourmadeira-logo.jpg","contentUrl":"https:\/\/biketourmadeira.com\/wp-content\/uploads\/2023\/03\/biketourmadeira-logo.jpg","width":800,"height":565,"caption":"BIKE TOUR Madeira Island"},"image":{"@id":"https:\/\/biketourmadeira.com\/pt-pt\/#\/schema\/logo\/image\/"},"sameAs":["https:\/\/www.facebook.com\/biketourmadeira","https:\/\/www.instagram.com\/biketourmadeira\/"]}]}},"_links":{"self":[{"href":"https:\/\/biketourmadeira.com\/pt-pt\/wp-json\/wp\/v2\/pages\/293","targetHints":{"allow":["GET"]}}],"collection":[{"href":"https:\/\/biketourmadeira.com\/pt-pt\/wp-json\/wp\/v2\/pages"}],"about":[{"href":"https:\/\/biketourmadeira.com\/pt-pt\/wp-json\/wp\/v2\/types\/page"}],"author":[{"embeddable":true,"href":"https:\/\/biketourmadeira.com\/pt-pt\/wp-json\/wp\/v2\/users\/1"}],"replies":[{"embeddable":true,"href":"https:\/\/biketourmadeira.com\/pt-pt\/wp-json\/wp\/v2\/comments?post=293"}],"version-history":[{"count":3,"href":"https:\/\/biketourmadeira.com\/pt-pt\/wp-json\/wp\/v2\/pages\/293\/revisions"}],"predecessor-version":[{"id":556,"href":"https:\/\/biketourmadeira.com\/pt-pt\/wp-json\/wp\/v2\/pages\/293\/revisions\/556"}],"wp:attachment":[{"href":"https:\/\/biketourmadeira.com\/pt-pt\/wp-json\/wp\/v2\/media?parent=293"}],"curies":[{"name":"wp","href":"https:\/\/api.w.org\/{rel}","templated":true}]}}