{"id":279,"date":"2023-02-13T14:38:41","date_gmt":"2023-02-13T14:38:41","guid":{"rendered":"https:\/\/biketourmadeira.com\/aluguer-de-bicicletas\/"},"modified":"2025-12-31T15:25:43","modified_gmt":"2025-12-31T15:25:43","slug":"aluguer-de-bicicletas","status":"publish","type":"page","link":"https:\/\/biketourmadeira.com\/pt-pt\/aluguer-de-bicicletas\/","title":{"rendered":"Aluguer de bicicletas"},"content":{"rendered":"\n<h2 class=\"wp-block-heading\">D\u00ea um passeio de bicicleta pela Ilha da Madeira numa das nossas op\u00e7\u00f5es de aluguer de bicicleta e descubra o que a madeira tem para oferecer<\/h2>\n\n\n\n<div class=\"wp-block-columns is-layout-flex wp-container-core-columns-is-layout-9d6595d7 wp-block-columns-is-layout-flex\">\n<div class=\"wp-block-column is-layout-flow wp-block-column-is-layout-flow\">\n<h3 class=\"wp-block-heading\">E-Bike Rigida<\/h3>\n\n\n\n<figure class=\"wp-block-image size-large\"><a href=\"https:\/\/www.radon-bikes.de\/e-bike\/mountainbike\/jealous-hybrid\/jealous-hybrid-80-625-2022\/\" target=\"_blank\" rel=\"noreferrer noopener\"><img loading=\"lazy\" decoding=\"async\" width=\"1024\" height=\"682\" src=\"https:\/\/biketourmadeira.com\/wp-content\/uploads\/2023\/02\/radon-jealous-1024x682.jpg\" alt=\"\" class=\"wp-image-25\" srcset=\"https:\/\/biketourmadeira.com\/wp-content\/uploads\/2023\/02\/radon-jealous-1024x682.jpg 1024w, https:\/\/biketourmadeira.com\/wp-content\/uploads\/2023\/02\/radon-jealous-300x200.jpg 300w, https:\/\/biketourmadeira.com\/wp-content\/uploads\/2023\/02\/radon-jealous-768x512.jpg 768w, https:\/\/biketourmadeira.com\/wp-content\/uploads\/2023\/02\/radon-jealous.jpg 1280w\" sizes=\"auto, (max-width: 1024px) 100vw, 1024px\" \/><\/a><figcaption class=\"wp-element-caption\">Radon Jealous Hybrid 625<\/figcaption><\/figure>\n<\/div>\n\n\n\n<div class=\"wp-block-column is-layout-flow wp-block-column-is-layout-flow\">\n<p><strong>Pre\u00e7os<\/strong><\/p>\n\n\n\n<ul class=\"wp-block-list\">\n<li>Meio dia &#8211; 35,00\u20ac<\/li>\n\n\n\n<li>47,50\u20ac por dia<\/li>\n\n\n\n<li>3 dias ou mais &#8211; 40,00\u20ac por dia<\/li>\n\n\n\n<li>10 dias ou mais \u2013 35,00\u20ac por dia<\/li>\n<\/ul>\n\n\n\n<p><strong>Inclui:<\/strong> Capacete, Seguro e Licen\u00e7a.<\/p>\n\n\n\n<p><strong>Extras<\/strong><\/p>\n\n\n\n<p><strong>Recolha:<\/strong> ser\u00e1 calculado com base na dist\u00e2ncia<\/p>\n\n\n\n<p><strong>Guia:<\/strong> envia-nos um mensagem para saber o pre\u00e7o<\/p>\n\n\n\n<div class=\"wp-block-buttons is-content-justification-left is-layout-flex wp-container-core-buttons-is-layout-fdcfc74e wp-block-buttons-is-layout-flex\">\n<div class=\"wp-block-button\"><a class=\"wp-block-button__link wp-element-button\" href=\"https:\/\/biketourmadeira.com\/pt-pt\/reservar\/\">Reservar agora <i class=\"far fa-hand-point-right\"><\/i><\/a><\/div>\n<\/div>\n<\/div>\n<\/div>\n\n\n\n<div class=\"wp-block-columns is-layout-flex wp-container-core-columns-is-layout-9d6595d7 wp-block-columns-is-layout-flex\">\n<div class=\"wp-block-column is-layout-flow wp-block-column-is-layout-flow\">\n<h3 class=\"wp-block-heading\">Bicicleta de Enduro Suspens\u00e3o Total<\/h3>\n\n\n\n<figure class=\"wp-block-image size-large\"><a href=\"https:\/\/www.gtbicycles.com\/usa_en\/force-comp-3239\" target=\"_blank\" rel=\"noreferrer noopener\"><img loading=\"lazy\" decoding=\"async\" width=\"1024\" height=\"682\" src=\"https:\/\/biketourmadeira.com\/wp-content\/uploads\/2023\/02\/gt-force-1024x682.jpg\" alt=\"\" class=\"wp-image-26\" srcset=\"https:\/\/biketourmadeira.com\/wp-content\/uploads\/2023\/02\/gt-force-1024x682.jpg 1024w, https:\/\/biketourmadeira.com\/wp-content\/uploads\/2023\/02\/gt-force-300x200.jpg 300w, https:\/\/biketourmadeira.com\/wp-content\/uploads\/2023\/02\/gt-force-768x512.jpg 768w, https:\/\/biketourmadeira.com\/wp-content\/uploads\/2023\/02\/gt-force.jpg 1280w\" sizes=\"auto, (max-width: 1024px) 100vw, 1024px\" \/><\/a><figcaption class=\"wp-element-caption\">GT Force Comp 2023<\/figcaption><\/figure>\n<\/div>\n\n\n\n<div class=\"wp-block-column is-layout-flow wp-block-column-is-layout-flow\">\n<p><strong>Pre\u00e7os<\/strong><\/p>\n\n\n\n<ul class=\"wp-block-list\">\n<li>90,00\u20ac por dia<\/li>\n\n\n\n<li>3 dias ou mais &#8211; 80,00\u20ac por dia<\/li>\n<\/ul>\n\n\n\n<p><strong>Inclui:<\/strong> Capacete, Seguro e Licen\u00e7a.<\/p>\n\n\n\n<div class=\"wp-block-buttons is-content-justification-left is-layout-flex wp-container-core-buttons-is-layout-fdcfc74e wp-block-buttons-is-layout-flex\">\n<div class=\"wp-block-button\"><a class=\"wp-block-button__link wp-element-button\" href=\"https:\/\/biketourmadeira.com\/pt-pt\/reservar\/\">Reservar agora <i class=\"far fa-hand-point-right\"><\/i><\/a><\/div>\n<\/div>\n<\/div>\n<\/div>\n","protected":false},"excerpt":{"rendered":"<p>D\u00ea um passeio de bicicleta pela Ilha da Madeira numa das nossas op\u00e7\u00f5es de aluguer de bicicleta e descubra o que a madeira tem para oferecer E-Bike Rigida Pre\u00e7os Inclui: Capacete, Seguro e Licen\u00e7a. Extras Recolha: ser\u00e1 calculado com base na dist\u00e2ncia Guia: envia-nos um mensagem para saber o pre\u00e7o Bicicleta de Enduro Suspens\u00e3o Total [&hellip;]<\/p>\n","protected":false},"author":1,"featured_media":0,"parent":0,"menu_order":0,"comment_status":"closed","ping_status":"closed","template":"","meta":{"footnotes":""},"class_list":["post-279","page","type-page","status-publish","hentry"],"yoast_head":"<!-- This site is optimized with the Yoast SEO plugin v27.5 - https:\/\/yoast.com\/product\/yoast-seo-wordpress\/ -->\n<title>Aluguer de bicicletas - BIKE TOUR Madeira Island<\/title>\n<meta name=\"robots\" content=\"index, follow, max-snippet:-1, max-image-preview:large, max-video-preview:-1\" \/>\n<link rel=\"canonical\" href=\"https:\/\/biketourmadeira.com\/pt-pt\/aluguer-de-bicicletas\/\" \/>\n<meta property=\"og:locale\" content=\"pt_PT\" \/>\n<meta property=\"og:type\" content=\"article\" \/>\n<meta property=\"og:title\" content=\"Aluguer de bicicletas - BIKE TOUR Madeira Island\" \/>\n<meta property=\"og:description\" content=\"D\u00ea um passeio de bicicleta pela Ilha da Madeira numa das nossas op\u00e7\u00f5es de aluguer de bicicleta e descubra o que a madeira tem para oferecer E-Bike Rigida Pre\u00e7os Inclui: Capacete, Seguro e Licen\u00e7a. Extras Recolha: ser\u00e1 calculado com base na dist\u00e2ncia Guia: envia-nos um mensagem para saber o pre\u00e7o Bicicleta de Enduro Suspens\u00e3o Total [&hellip;]\" \/>\n<meta property=\"og:url\" content=\"https:\/\/biketourmadeira.com\/pt-pt\/aluguer-de-bicicletas\/\" \/>\n<meta property=\"og:site_name\" content=\"BIKE TOUR Madeira Island\" \/>\n<meta property=\"article:publisher\" content=\"https:\/\/www.facebook.com\/biketourmadeira\" \/>\n<meta property=\"article:modified_time\" content=\"2025-12-31T15:25:43+00:00\" \/>\n<meta property=\"og:image\" content=\"https:\/\/biketourmadeira.com\/wp-content\/uploads\/2023\/02\/radon-jealous.jpg\" \/>\n\t<meta property=\"og:image:width\" content=\"1280\" \/>\n\t<meta property=\"og:image:height\" content=\"853\" \/>\n\t<meta property=\"og:image:type\" content=\"image\/jpeg\" \/>\n<meta name=\"twitter:card\" content=\"summary_large_image\" \/>\n<meta name=\"twitter:label1\" content=\"Tempo estimado de leitura\" \/>\n\t<meta name=\"twitter:data1\" content=\"1 minuto\" \/>\n<script type=\"application\/ld+json\" class=\"yoast-schema-graph\">{\"@context\":\"https:\\\/\\\/schema.org\",\"@graph\":[{\"@type\":\"WebPage\",\"@id\":\"https:\\\/\\\/biketourmadeira.com\\\/pt-pt\\\/aluguer-de-bicicletas\\\/\",\"url\":\"https:\\\/\\\/biketourmadeira.com\\\/pt-pt\\\/aluguer-de-bicicletas\\\/\",\"name\":\"Aluguer de bicicletas - BIKE TOUR Madeira Island\",\"isPartOf\":{\"@id\":\"https:\\\/\\\/biketourmadeira.com\\\/pt-pt\\\/#website\"},\"primaryImageOfPage\":{\"@id\":\"https:\\\/\\\/biketourmadeira.com\\\/pt-pt\\\/aluguer-de-bicicletas\\\/#primaryimage\"},\"image\":{\"@id\":\"https:\\\/\\\/biketourmadeira.com\\\/pt-pt\\\/aluguer-de-bicicletas\\\/#primaryimage\"},\"thumbnailUrl\":\"https:\\\/\\\/biketourmadeira.com\\\/wp-content\\\/uploads\\\/2023\\\/02\\\/radon-jealous-1024x682.jpg\",\"datePublished\":\"2023-02-13T14:38:41+00:00\",\"dateModified\":\"2025-12-31T15:25:43+00:00\",\"breadcrumb\":{\"@id\":\"https:\\\/\\\/biketourmadeira.com\\\/pt-pt\\\/aluguer-de-bicicletas\\\/#breadcrumb\"},\"inLanguage\":\"pt-PT\",\"potentialAction\":[{\"@type\":\"ReadAction\",\"target\":[\"https:\\\/\\\/biketourmadeira.com\\\/pt-pt\\\/aluguer-de-bicicletas\\\/\"]}]},{\"@type\":\"ImageObject\",\"inLanguage\":\"pt-PT\",\"@id\":\"https:\\\/\\\/biketourmadeira.com\\\/pt-pt\\\/aluguer-de-bicicletas\\\/#primaryimage\",\"url\":\"https:\\\/\\\/biketourmadeira.com\\\/wp-content\\\/uploads\\\/2023\\\/02\\\/radon-jealous-1024x682.jpg\",\"contentUrl\":\"https:\\\/\\\/biketourmadeira.com\\\/wp-content\\\/uploads\\\/2023\\\/02\\\/radon-jealous-1024x682.jpg\"},{\"@type\":\"BreadcrumbList\",\"@id\":\"https:\\\/\\\/biketourmadeira.com\\\/pt-pt\\\/aluguer-de-bicicletas\\\/#breadcrumb\",\"itemListElement\":[{\"@type\":\"ListItem\",\"position\":1,\"name\":\"In\u00edcio\",\"item\":\"https:\\\/\\\/biketourmadeira.com\\\/pt-pt\\\/\"},{\"@type\":\"ListItem\",\"position\":2,\"name\":\"Aluguer de bicicletas\"}]},{\"@type\":\"WebSite\",\"@id\":\"https:\\\/\\\/biketourmadeira.com\\\/pt-pt\\\/#website\",\"url\":\"https:\\\/\\\/biketourmadeira.com\\\/pt-pt\\\/\",\"name\":\"BIKE TOUR Madeira Island\",\"description\":\"MTB Rentals, Tours, Holidays and Workshop\",\"publisher\":{\"@id\":\"https:\\\/\\\/biketourmadeira.com\\\/pt-pt\\\/#organization\"},\"potentialAction\":[{\"@type\":\"SearchAction\",\"target\":{\"@type\":\"EntryPoint\",\"urlTemplate\":\"https:\\\/\\\/biketourmadeira.com\\\/pt-pt\\\/?s={search_term_string}\"},\"query-input\":{\"@type\":\"PropertyValueSpecification\",\"valueRequired\":true,\"valueName\":\"search_term_string\"}}],\"inLanguage\":\"pt-PT\"},{\"@type\":\"Organization\",\"@id\":\"https:\\\/\\\/biketourmadeira.com\\\/pt-pt\\\/#organization\",\"name\":\"BIKE TOUR Madeira Island\",\"url\":\"https:\\\/\\\/biketourmadeira.com\\\/pt-pt\\\/\",\"logo\":{\"@type\":\"ImageObject\",\"inLanguage\":\"pt-PT\",\"@id\":\"https:\\\/\\\/biketourmadeira.com\\\/pt-pt\\\/#\\\/schema\\\/logo\\\/image\\\/\",\"url\":\"https:\\\/\\\/biketourmadeira.com\\\/wp-content\\\/uploads\\\/2023\\\/03\\\/biketourmadeira-logo.jpg\",\"contentUrl\":\"https:\\\/\\\/biketourmadeira.com\\\/wp-content\\\/uploads\\\/2023\\\/03\\\/biketourmadeira-logo.jpg\",\"width\":800,\"height\":565,\"caption\":\"BIKE TOUR Madeira Island\"},\"image\":{\"@id\":\"https:\\\/\\\/biketourmadeira.com\\\/pt-pt\\\/#\\\/schema\\\/logo\\\/image\\\/\"},\"sameAs\":[\"https:\\\/\\\/www.facebook.com\\\/biketourmadeira\",\"https:\\\/\\\/www.instagram.com\\\/biketourmadeira\\\/\"]}]}<\/script>\n<!-- \/ Yoast SEO plugin. -->","yoast_head_json":{"title":"Aluguer de bicicletas - BIKE TOUR Madeira Island","robots":{"index":"index","follow":"follow","max-snippet":"max-snippet:-1","max-image-preview":"max-image-preview:large","max-video-preview":"max-video-preview:-1"},"canonical":"https:\/\/biketourmadeira.com\/pt-pt\/aluguer-de-bicicletas\/","og_locale":"pt_PT","og_type":"article","og_title":"Aluguer de bicicletas - BIKE TOUR Madeira Island","og_description":"D\u00ea um passeio de bicicleta pela Ilha da Madeira numa das nossas op\u00e7\u00f5es de aluguer de bicicleta e descubra o que a madeira tem para oferecer E-Bike Rigida Pre\u00e7os Inclui: Capacete, Seguro e Licen\u00e7a. Extras Recolha: ser\u00e1 calculado com base na dist\u00e2ncia Guia: envia-nos um mensagem para saber o pre\u00e7o Bicicleta de Enduro Suspens\u00e3o Total [&hellip;]","og_url":"https:\/\/biketourmadeira.com\/pt-pt\/aluguer-de-bicicletas\/","og_site_name":"BIKE TOUR Madeira Island","article_publisher":"https:\/\/www.facebook.com\/biketourmadeira","article_modified_time":"2025-12-31T15:25:43+00:00","og_image":[{"width":1280,"height":853,"url":"https:\/\/biketourmadeira.com\/wp-content\/uploads\/2023\/02\/radon-jealous.jpg","type":"image\/jpeg"}],"twitter_card":"summary_large_image","twitter_misc":{"Tempo estimado de leitura":"1 minuto"},"schema":{"@context":"https:\/\/schema.org","@graph":[{"@type":"WebPage","@id":"https:\/\/biketourmadeira.com\/pt-pt\/aluguer-de-bicicletas\/","url":"https:\/\/biketourmadeira.com\/pt-pt\/aluguer-de-bicicletas\/","name":"Aluguer de bicicletas - BIKE TOUR Madeira Island","isPartOf":{"@id":"https:\/\/biketourmadeira.com\/pt-pt\/#website"},"primaryImageOfPage":{"@id":"https:\/\/biketourmadeira.com\/pt-pt\/aluguer-de-bicicletas\/#primaryimage"},"image":{"@id":"https:\/\/biketourmadeira.com\/pt-pt\/aluguer-de-bicicletas\/#primaryimage"},"thumbnailUrl":"https:\/\/biketourmadeira.com\/wp-content\/uploads\/2023\/02\/radon-jealous-1024x682.jpg","datePublished":"2023-02-13T14:38:41+00:00","dateModified":"2025-12-31T15:25:43+00:00","breadcrumb":{"@id":"https:\/\/biketourmadeira.com\/pt-pt\/aluguer-de-bicicletas\/#breadcrumb"},"inLanguage":"pt-PT","potentialAction":[{"@type":"ReadAction","target":["https:\/\/biketourmadeira.com\/pt-pt\/aluguer-de-bicicletas\/"]}]},{"@type":"ImageObject","inLanguage":"pt-PT","@id":"https:\/\/biketourmadeira.com\/pt-pt\/aluguer-de-bicicletas\/#primaryimage","url":"https:\/\/biketourmadeira.com\/wp-content\/uploads\/2023\/02\/radon-jealous-1024x682.jpg","contentUrl":"https:\/\/biketourmadeira.com\/wp-content\/uploads\/2023\/02\/radon-jealous-1024x682.jpg"},{"@type":"BreadcrumbList","@id":"https:\/\/biketourmadeira.com\/pt-pt\/aluguer-de-bicicletas\/#breadcrumb","itemListElement":[{"@type":"ListItem","position":1,"name":"In\u00edcio","item":"https:\/\/biketourmadeira.com\/pt-pt\/"},{"@type":"ListItem","position":2,"name":"Aluguer de bicicletas"}]},{"@type":"WebSite","@id":"https:\/\/biketourmadeira.com\/pt-pt\/#website","url":"https:\/\/biketourmadeira.com\/pt-pt\/","name":"BIKE TOUR Madeira Island","description":"MTB Rentals, Tours, Holidays and Workshop","publisher":{"@id":"https:\/\/biketourmadeira.com\/pt-pt\/#organization"},"potentialAction":[{"@type":"SearchAction","target":{"@type":"EntryPoint","urlTemplate":"https:\/\/biketourmadeira.com\/pt-pt\/?s={search_term_string}"},"query-input":{"@type":"PropertyValueSpecification","valueRequired":true,"valueName":"search_term_string"}}],"inLanguage":"pt-PT"},{"@type":"Organization","@id":"https:\/\/biketourmadeira.com\/pt-pt\/#organization","name":"BIKE TOUR Madeira Island","url":"https:\/\/biketourmadeira.com\/pt-pt\/","logo":{"@type":"ImageObject","inLanguage":"pt-PT","@id":"https:\/\/biketourmadeira.com\/pt-pt\/#\/schema\/logo\/image\/","url":"https:\/\/biketourmadeira.com\/wp-content\/uploads\/2023\/03\/biketourmadeira-logo.jpg","contentUrl":"https:\/\/biketourmadeira.com\/wp-content\/uploads\/2023\/03\/biketourmadeira-logo.jpg","width":800,"height":565,"caption":"BIKE TOUR Madeira Island"},"image":{"@id":"https:\/\/biketourmadeira.com\/pt-pt\/#\/schema\/logo\/image\/"},"sameAs":["https:\/\/www.facebook.com\/biketourmadeira","https:\/\/www.instagram.com\/biketourmadeira\/"]}]}},"_links":{"self":[{"href":"https:\/\/biketourmadeira.com\/pt-pt\/wp-json\/wp\/v2\/pages\/279","targetHints":{"allow":["GET"]}}],"collection":[{"href":"https:\/\/biketourmadeira.com\/pt-pt\/wp-json\/wp\/v2\/pages"}],"about":[{"href":"https:\/\/biketourmadeira.com\/pt-pt\/wp-json\/wp\/v2\/types\/page"}],"author":[{"embeddable":true,"href":"https:\/\/biketourmadeira.com\/pt-pt\/wp-json\/wp\/v2\/users\/1"}],"replies":[{"embeddable":true,"href":"https:\/\/biketourmadeira.com\/pt-pt\/wp-json\/wp\/v2\/comments?post=279"}],"version-history":[{"count":3,"href":"https:\/\/biketourmadeira.com\/pt-pt\/wp-json\/wp\/v2\/pages\/279\/revisions"}],"predecessor-version":[{"id":588,"href":"https:\/\/biketourmadeira.com\/pt-pt\/wp-json\/wp\/v2\/pages\/279\/revisions\/588"}],"wp:attachment":[{"href":"https:\/\/biketourmadeira.com\/pt-pt\/wp-json\/wp\/v2\/media?parent=279"}],"curies":[{"name":"wp","href":"https:\/\/api.w.org\/{rel}","templated":true}]}}