{"id":275,"date":"2023-03-03T21:18:40","date_gmt":"2023-03-03T21:18:40","guid":{"rendered":"https:\/\/biketourmadeira.com\/ferias\/"},"modified":"2025-01-07T08:29:50","modified_gmt":"2025-01-07T08:29:50","slug":"ferias","status":"publish","type":"page","link":"https:\/\/biketourmadeira.com\/pt-pt\/ferias\/","title":{"rendered":"F\u00e9rias"},"content":{"rendered":"\n<div class=\"wp-block-columns is-layout-flex wp-container-core-columns-is-layout-9d6595d7 wp-block-columns-is-layout-flex\">\n<div class=\"wp-block-column is-layout-flow wp-block-column-is-layout-flow\">\n<h2 class=\"wp-block-heading\">5 dias pedalando 1 dia de folga<\/h2>\n\n\n\n<h3 class=\"wp-block-heading\">Desde <strong>400,00 \u20ac<\/strong> por pessoa<\/h3>\n\n\n\n<p>Se procura as melhores f\u00e9rias de BTT, veio ao lugar certo. Faremos o poss\u00edvel para mostrar a Madeira como a conhecemos. De norte a sul e de este a oeste, voc\u00ea experimentar\u00e1 alguns dos melhores trilhos do mundo.<\/p>\n\n\n\n<div class=\"wp-block-buttons is-layout-flex wp-block-buttons-is-layout-flex\">\n<div class=\"wp-block-button\"><a class=\"wp-block-button__link wp-element-button\" href=\"https:\/\/biketourmadeira.com\/pt-pt\/reservar\/\">Reservar agora <i class=\"far fa-hand-point-right\"><\/i><\/a><\/div>\n<\/div>\n<\/div>\n\n\n\n<div class=\"wp-block-column is-layout-flow wp-block-column-is-layout-flow\">\n<div class=\"wp-block-columns is-layout-flex wp-container-core-columns-is-layout-9d6595d7 wp-block-columns-is-layout-flex\">\n<div class=\"wp-block-column is-layout-flow wp-block-column-is-layout-flow\">\n<h4 class=\"wp-block-heading has-text-align-center\">Transferes<\/h4>\n\n\n\n<div class=\"text-center\">\n<i class=\"fas fa-bus fa-3x\"><\/i><\/div>\n<\/div>\n\n\n\n<div class=\"wp-block-column is-layout-flow wp-block-column-is-layout-flow\">\n<h4 class=\"wp-block-heading has-text-align-center\">Guia<\/h4>\n\n\n\n<div class=\"text-center\">\n<i class=\"fas fa-user fa-3x\"><\/i><\/div>\n<\/div>\n<\/div>\n\n\n\n<div class=\"wp-block-columns is-layout-flex wp-container-core-columns-is-layout-9d6595d7 wp-block-columns-is-layout-flex\">\n<div class=\"wp-block-column is-layout-flow wp-block-column-is-layout-flow\">\n<h4 class=\"wp-block-heading has-text-align-center\">Seguro<\/h4>\n\n\n\n<div class=\"text-center\">\n<i class=\"fas fa-file-medical fa-3x\"><\/i><\/div>\n<\/div>\n\n\n\n<div class=\"wp-block-column is-layout-flow wp-block-column-is-layout-flow\">\n<h4 class=\"wp-block-heading has-text-align-center\">Transporte<\/h4>\n\n\n\n<div class=\"text-center\">\n<i class=\"fas fa-shuttle-van fa-3x\"><\/i><\/div>\n<\/div>\n\n\n\n<div class=\"wp-block-column is-layout-flow wp-block-column-is-layout-flow\">\n<h4 class=\"wp-block-heading has-text-align-center\">Mec\u00e2nico<\/h4>\n\n\n\n<div class=\"text-center\">\n<i class=\"fas fa-wrench fa-3x\"><\/i><\/div>\n<\/div>\n<\/div>\n<\/div>\n<\/div>\n\n\n\n<figure class=\"wp-block-gallery has-nested-images columns-2 is-cropped owl-gallery-2 mt-4 wp-block-gallery-1 is-layout-flex wp-block-gallery-is-layout-flex\">\n<figure class=\"wp-block-image size-large\"><a href=\"https:\/\/biketourmadeira.com\/wp-content\/uploads\/2023\/03\/BIKETOUR-110.jpg\"><img loading=\"lazy\" decoding=\"async\" width=\"1024\" height=\"682\" data-id=\"54\" src=\"https:\/\/biketourmadeira.com\/wp-content\/uploads\/2023\/03\/BIKETOUR-110-1024x682.jpg\" alt=\"\" class=\"wp-image-54\" srcset=\"https:\/\/biketourmadeira.com\/wp-content\/uploads\/2023\/03\/BIKETOUR-110-1024x682.jpg 1024w, https:\/\/biketourmadeira.com\/wp-content\/uploads\/2023\/03\/BIKETOUR-110-300x200.jpg 300w, https:\/\/biketourmadeira.com\/wp-content\/uploads\/2023\/03\/BIKETOUR-110-768x512.jpg 768w, https:\/\/biketourmadeira.com\/wp-content\/uploads\/2023\/03\/BIKETOUR-110.jpg 1280w\" sizes=\"auto, (max-width: 1024px) 100vw, 1024px\" \/><\/a><\/figure>\n\n\n\n<figure class=\"wp-block-image size-large\"><a href=\"https:\/\/biketourmadeira.com\/wp-content\/uploads\/2023\/03\/BIKETOUR-089.jpg\"><img loading=\"lazy\" decoding=\"async\" width=\"1024\" height=\"682\" data-id=\"44\" src=\"https:\/\/biketourmadeira.com\/wp-content\/uploads\/2023\/03\/BIKETOUR-089-1024x682.jpg\" alt=\"\" class=\"wp-image-44\" srcset=\"https:\/\/biketourmadeira.com\/wp-content\/uploads\/2023\/03\/BIKETOUR-089-1024x682.jpg 1024w, https:\/\/biketourmadeira.com\/wp-content\/uploads\/2023\/03\/BIKETOUR-089-300x200.jpg 300w, https:\/\/biketourmadeira.com\/wp-content\/uploads\/2023\/03\/BIKETOUR-089-768x512.jpg 768w, https:\/\/biketourmadeira.com\/wp-content\/uploads\/2023\/03\/BIKETOUR-089.jpg 1280w\" sizes=\"auto, (max-width: 1024px) 100vw, 1024px\" \/><\/a><\/figure>\n\n\n\n<figure class=\"wp-block-image size-large\"><a href=\"https:\/\/biketourmadeira.com\/wp-content\/uploads\/2023\/03\/BIKETOUR-117.jpg\"><img loading=\"lazy\" decoding=\"async\" width=\"1024\" height=\"682\" data-id=\"77\" src=\"https:\/\/biketourmadeira.com\/wp-content\/uploads\/2023\/03\/BIKETOUR-117-1024x682.jpg\" alt=\"\" class=\"wp-image-77\" srcset=\"https:\/\/biketourmadeira.com\/wp-content\/uploads\/2023\/03\/BIKETOUR-117-1024x682.jpg 1024w, https:\/\/biketourmadeira.com\/wp-content\/uploads\/2023\/03\/BIKETOUR-117-300x200.jpg 300w, https:\/\/biketourmadeira.com\/wp-content\/uploads\/2023\/03\/BIKETOUR-117-768x512.jpg 768w, https:\/\/biketourmadeira.com\/wp-content\/uploads\/2023\/03\/BIKETOUR-117.jpg 1280w\" sizes=\"auto, (max-width: 1024px) 100vw, 1024px\" \/><\/a><\/figure>\n\n\n\n<figure class=\"wp-block-image size-large\"><a href=\"https:\/\/biketourmadeira.com\/wp-content\/uploads\/2023\/03\/BIKETOUR-109.jpg\"><img loading=\"lazy\" decoding=\"async\" width=\"1024\" height=\"682\" data-id=\"78\" src=\"https:\/\/biketourmadeira.com\/wp-content\/uploads\/2023\/03\/BIKETOUR-109-1024x682.jpg\" alt=\"\" class=\"wp-image-78\" srcset=\"https:\/\/biketourmadeira.com\/wp-content\/uploads\/2023\/03\/BIKETOUR-109-1024x682.jpg 1024w, https:\/\/biketourmadeira.com\/wp-content\/uploads\/2023\/03\/BIKETOUR-109-300x200.jpg 300w, https:\/\/biketourmadeira.com\/wp-content\/uploads\/2023\/03\/BIKETOUR-109-768x512.jpg 768w, https:\/\/biketourmadeira.com\/wp-content\/uploads\/2023\/03\/BIKETOUR-109.jpg 1280w\" sizes=\"auto, (max-width: 1024px) 100vw, 1024px\" \/><\/a><\/figure>\n\n\n\n<figure class=\"wp-block-image size-large\"><a href=\"https:\/\/biketourmadeira.com\/wp-content\/uploads\/2023\/03\/BIKETOUR-144.jpg\"><img loading=\"lazy\" decoding=\"async\" width=\"1024\" height=\"682\" data-id=\"80\" src=\"https:\/\/biketourmadeira.com\/wp-content\/uploads\/2023\/03\/BIKETOUR-144-1024x682.jpg\" alt=\"\" class=\"wp-image-80\" srcset=\"https:\/\/biketourmadeira.com\/wp-content\/uploads\/2023\/03\/BIKETOUR-144-1024x682.jpg 1024w, https:\/\/biketourmadeira.com\/wp-content\/uploads\/2023\/03\/BIKETOUR-144-300x200.jpg 300w, https:\/\/biketourmadeira.com\/wp-content\/uploads\/2023\/03\/BIKETOUR-144-768x512.jpg 768w, https:\/\/biketourmadeira.com\/wp-content\/uploads\/2023\/03\/BIKETOUR-144.jpg 1280w\" sizes=\"auto, (max-width: 1024px) 100vw, 1024px\" \/><\/a><\/figure>\n<\/figure>\n","protected":false},"excerpt":{"rendered":"<p>5 dias pedalando 1 dia de folga Desde 400,00 \u20ac por pessoa Se procura as melhores f\u00e9rias de BTT, veio ao lugar certo. Faremos o poss\u00edvel para mostrar a Madeira como a conhecemos. De norte a sul e de este a oeste, voc\u00ea experimentar\u00e1 alguns dos melhores trilhos do mundo. Transferes Guia Seguro Transporte Mec\u00e2nico<\/p>\n","protected":false},"author":1,"featured_media":0,"parent":0,"menu_order":0,"comment_status":"closed","ping_status":"closed","template":"","meta":{"footnotes":""},"class_list":["post-275","page","type-page","status-publish","hentry"],"yoast_head":"<!-- This site is optimized with the Yoast SEO plugin v27.5 - https:\/\/yoast.com\/product\/yoast-seo-wordpress\/ -->\n<title>F\u00e9rias - BIKE TOUR Madeira Island<\/title>\n<meta name=\"robots\" content=\"index, follow, max-snippet:-1, max-image-preview:large, max-video-preview:-1\" \/>\n<link rel=\"canonical\" href=\"https:\/\/biketourmadeira.com\/pt-pt\/ferias\/\" \/>\n<meta property=\"og:locale\" content=\"pt_PT\" \/>\n<meta property=\"og:type\" content=\"article\" \/>\n<meta property=\"og:title\" content=\"F\u00e9rias - BIKE TOUR Madeira Island\" \/>\n<meta property=\"og:description\" content=\"5 dias pedalando 1 dia de folga Desde 400,00 \u20ac por pessoa Se procura as melhores f\u00e9rias de BTT, veio ao lugar certo. Faremos o poss\u00edvel para mostrar a Madeira como a conhecemos. De norte a sul e de este a oeste, voc\u00ea experimentar\u00e1 alguns dos melhores trilhos do mundo. Transferes Guia Seguro Transporte Mec\u00e2nico\" \/>\n<meta property=\"og:url\" content=\"https:\/\/biketourmadeira.com\/pt-pt\/ferias\/\" \/>\n<meta property=\"og:site_name\" content=\"BIKE TOUR Madeira Island\" \/>\n<meta property=\"article:publisher\" content=\"https:\/\/www.facebook.com\/biketourmadeira\" \/>\n<meta property=\"article:modified_time\" content=\"2025-01-07T08:29:50+00:00\" \/>\n<meta property=\"og:image\" content=\"https:\/\/biketourmadeira.com\/wp-content\/uploads\/2023\/03\/BIKETOUR-110.jpg\" \/>\n\t<meta property=\"og:image:width\" content=\"1280\" \/>\n\t<meta property=\"og:image:height\" content=\"853\" \/>\n\t<meta property=\"og:image:type\" content=\"image\/jpeg\" \/>\n<meta name=\"twitter:card\" content=\"summary_large_image\" \/>\n<meta name=\"twitter:label1\" content=\"Tempo estimado de leitura\" \/>\n\t<meta name=\"twitter:data1\" content=\"2 minutos\" \/>\n<script type=\"application\/ld+json\" class=\"yoast-schema-graph\">{\"@context\":\"https:\\\/\\\/schema.org\",\"@graph\":[{\"@type\":\"WebPage\",\"@id\":\"https:\\\/\\\/biketourmadeira.com\\\/pt-pt\\\/ferias\\\/\",\"url\":\"https:\\\/\\\/biketourmadeira.com\\\/pt-pt\\\/ferias\\\/\",\"name\":\"F\u00e9rias - BIKE TOUR Madeira Island\",\"isPartOf\":{\"@id\":\"https:\\\/\\\/biketourmadeira.com\\\/pt-pt\\\/#website\"},\"primaryImageOfPage\":{\"@id\":\"https:\\\/\\\/biketourmadeira.com\\\/pt-pt\\\/ferias\\\/#primaryimage\"},\"image\":{\"@id\":\"https:\\\/\\\/biketourmadeira.com\\\/pt-pt\\\/ferias\\\/#primaryimage\"},\"thumbnailUrl\":\"https:\\\/\\\/biketourmadeira.com\\\/wp-content\\\/uploads\\\/2023\\\/03\\\/BIKETOUR-110-1024x682.jpg\",\"datePublished\":\"2023-03-03T21:18:40+00:00\",\"dateModified\":\"2025-01-07T08:29:50+00:00\",\"breadcrumb\":{\"@id\":\"https:\\\/\\\/biketourmadeira.com\\\/pt-pt\\\/ferias\\\/#breadcrumb\"},\"inLanguage\":\"pt-PT\",\"potentialAction\":[{\"@type\":\"ReadAction\",\"target\":[\"https:\\\/\\\/biketourmadeira.com\\\/pt-pt\\\/ferias\\\/\"]}]},{\"@type\":\"ImageObject\",\"inLanguage\":\"pt-PT\",\"@id\":\"https:\\\/\\\/biketourmadeira.com\\\/pt-pt\\\/ferias\\\/#primaryimage\",\"url\":\"https:\\\/\\\/biketourmadeira.com\\\/wp-content\\\/uploads\\\/2023\\\/03\\\/BIKETOUR-110-1024x682.jpg\",\"contentUrl\":\"https:\\\/\\\/biketourmadeira.com\\\/wp-content\\\/uploads\\\/2023\\\/03\\\/BIKETOUR-110-1024x682.jpg\"},{\"@type\":\"BreadcrumbList\",\"@id\":\"https:\\\/\\\/biketourmadeira.com\\\/pt-pt\\\/ferias\\\/#breadcrumb\",\"itemListElement\":[{\"@type\":\"ListItem\",\"position\":1,\"name\":\"In\u00edcio\",\"item\":\"https:\\\/\\\/biketourmadeira.com\\\/pt-pt\\\/\"},{\"@type\":\"ListItem\",\"position\":2,\"name\":\"F\u00e9rias\"}]},{\"@type\":\"WebSite\",\"@id\":\"https:\\\/\\\/biketourmadeira.com\\\/pt-pt\\\/#website\",\"url\":\"https:\\\/\\\/biketourmadeira.com\\\/pt-pt\\\/\",\"name\":\"BIKE TOUR Madeira Island\",\"description\":\"MTB Rentals, Tours, Holidays and Workshop\",\"publisher\":{\"@id\":\"https:\\\/\\\/biketourmadeira.com\\\/pt-pt\\\/#organization\"},\"potentialAction\":[{\"@type\":\"SearchAction\",\"target\":{\"@type\":\"EntryPoint\",\"urlTemplate\":\"https:\\\/\\\/biketourmadeira.com\\\/pt-pt\\\/?s={search_term_string}\"},\"query-input\":{\"@type\":\"PropertyValueSpecification\",\"valueRequired\":true,\"valueName\":\"search_term_string\"}}],\"inLanguage\":\"pt-PT\"},{\"@type\":\"Organization\",\"@id\":\"https:\\\/\\\/biketourmadeira.com\\\/pt-pt\\\/#organization\",\"name\":\"BIKE TOUR Madeira Island\",\"url\":\"https:\\\/\\\/biketourmadeira.com\\\/pt-pt\\\/\",\"logo\":{\"@type\":\"ImageObject\",\"inLanguage\":\"pt-PT\",\"@id\":\"https:\\\/\\\/biketourmadeira.com\\\/pt-pt\\\/#\\\/schema\\\/logo\\\/image\\\/\",\"url\":\"https:\\\/\\\/biketourmadeira.com\\\/wp-content\\\/uploads\\\/2023\\\/03\\\/biketourmadeira-logo.jpg\",\"contentUrl\":\"https:\\\/\\\/biketourmadeira.com\\\/wp-content\\\/uploads\\\/2023\\\/03\\\/biketourmadeira-logo.jpg\",\"width\":800,\"height\":565,\"caption\":\"BIKE TOUR Madeira Island\"},\"image\":{\"@id\":\"https:\\\/\\\/biketourmadeira.com\\\/pt-pt\\\/#\\\/schema\\\/logo\\\/image\\\/\"},\"sameAs\":[\"https:\\\/\\\/www.facebook.com\\\/biketourmadeira\",\"https:\\\/\\\/www.instagram.com\\\/biketourmadeira\\\/\"]}]}<\/script>\n<!-- \/ Yoast SEO plugin. -->","yoast_head_json":{"title":"F\u00e9rias - BIKE TOUR Madeira Island","robots":{"index":"index","follow":"follow","max-snippet":"max-snippet:-1","max-image-preview":"max-image-preview:large","max-video-preview":"max-video-preview:-1"},"canonical":"https:\/\/biketourmadeira.com\/pt-pt\/ferias\/","og_locale":"pt_PT","og_type":"article","og_title":"F\u00e9rias - BIKE TOUR Madeira Island","og_description":"5 dias pedalando 1 dia de folga Desde 400,00 \u20ac por pessoa Se procura as melhores f\u00e9rias de BTT, veio ao lugar certo. Faremos o poss\u00edvel para mostrar a Madeira como a conhecemos. De norte a sul e de este a oeste, voc\u00ea experimentar\u00e1 alguns dos melhores trilhos do mundo. Transferes Guia Seguro Transporte Mec\u00e2nico","og_url":"https:\/\/biketourmadeira.com\/pt-pt\/ferias\/","og_site_name":"BIKE TOUR Madeira Island","article_publisher":"https:\/\/www.facebook.com\/biketourmadeira","article_modified_time":"2025-01-07T08:29:50+00:00","og_image":[{"width":1280,"height":853,"url":"https:\/\/biketourmadeira.com\/wp-content\/uploads\/2023\/03\/BIKETOUR-110.jpg","type":"image\/jpeg"}],"twitter_card":"summary_large_image","twitter_misc":{"Tempo estimado de leitura":"2 minutos"},"schema":{"@context":"https:\/\/schema.org","@graph":[{"@type":"WebPage","@id":"https:\/\/biketourmadeira.com\/pt-pt\/ferias\/","url":"https:\/\/biketourmadeira.com\/pt-pt\/ferias\/","name":"F\u00e9rias - BIKE TOUR Madeira Island","isPartOf":{"@id":"https:\/\/biketourmadeira.com\/pt-pt\/#website"},"primaryImageOfPage":{"@id":"https:\/\/biketourmadeira.com\/pt-pt\/ferias\/#primaryimage"},"image":{"@id":"https:\/\/biketourmadeira.com\/pt-pt\/ferias\/#primaryimage"},"thumbnailUrl":"https:\/\/biketourmadeira.com\/wp-content\/uploads\/2023\/03\/BIKETOUR-110-1024x682.jpg","datePublished":"2023-03-03T21:18:40+00:00","dateModified":"2025-01-07T08:29:50+00:00","breadcrumb":{"@id":"https:\/\/biketourmadeira.com\/pt-pt\/ferias\/#breadcrumb"},"inLanguage":"pt-PT","potentialAction":[{"@type":"ReadAction","target":["https:\/\/biketourmadeira.com\/pt-pt\/ferias\/"]}]},{"@type":"ImageObject","inLanguage":"pt-PT","@id":"https:\/\/biketourmadeira.com\/pt-pt\/ferias\/#primaryimage","url":"https:\/\/biketourmadeira.com\/wp-content\/uploads\/2023\/03\/BIKETOUR-110-1024x682.jpg","contentUrl":"https:\/\/biketourmadeira.com\/wp-content\/uploads\/2023\/03\/BIKETOUR-110-1024x682.jpg"},{"@type":"BreadcrumbList","@id":"https:\/\/biketourmadeira.com\/pt-pt\/ferias\/#breadcrumb","itemListElement":[{"@type":"ListItem","position":1,"name":"In\u00edcio","item":"https:\/\/biketourmadeira.com\/pt-pt\/"},{"@type":"ListItem","position":2,"name":"F\u00e9rias"}]},{"@type":"WebSite","@id":"https:\/\/biketourmadeira.com\/pt-pt\/#website","url":"https:\/\/biketourmadeira.com\/pt-pt\/","name":"BIKE TOUR Madeira Island","description":"MTB Rentals, Tours, Holidays and Workshop","publisher":{"@id":"https:\/\/biketourmadeira.com\/pt-pt\/#organization"},"potentialAction":[{"@type":"SearchAction","target":{"@type":"EntryPoint","urlTemplate":"https:\/\/biketourmadeira.com\/pt-pt\/?s={search_term_string}"},"query-input":{"@type":"PropertyValueSpecification","valueRequired":true,"valueName":"search_term_string"}}],"inLanguage":"pt-PT"},{"@type":"Organization","@id":"https:\/\/biketourmadeira.com\/pt-pt\/#organization","name":"BIKE TOUR Madeira Island","url":"https:\/\/biketourmadeira.com\/pt-pt\/","logo":{"@type":"ImageObject","inLanguage":"pt-PT","@id":"https:\/\/biketourmadeira.com\/pt-pt\/#\/schema\/logo\/image\/","url":"https:\/\/biketourmadeira.com\/wp-content\/uploads\/2023\/03\/biketourmadeira-logo.jpg","contentUrl":"https:\/\/biketourmadeira.com\/wp-content\/uploads\/2023\/03\/biketourmadeira-logo.jpg","width":800,"height":565,"caption":"BIKE TOUR Madeira Island"},"image":{"@id":"https:\/\/biketourmadeira.com\/pt-pt\/#\/schema\/logo\/image\/"},"sameAs":["https:\/\/www.facebook.com\/biketourmadeira","https:\/\/www.instagram.com\/biketourmadeira\/"]}]}},"_links":{"self":[{"href":"https:\/\/biketourmadeira.com\/pt-pt\/wp-json\/wp\/v2\/pages\/275","targetHints":{"allow":["GET"]}}],"collection":[{"href":"https:\/\/biketourmadeira.com\/pt-pt\/wp-json\/wp\/v2\/pages"}],"about":[{"href":"https:\/\/biketourmadeira.com\/pt-pt\/wp-json\/wp\/v2\/types\/page"}],"author":[{"embeddable":true,"href":"https:\/\/biketourmadeira.com\/pt-pt\/wp-json\/wp\/v2\/users\/1"}],"replies":[{"embeddable":true,"href":"https:\/\/biketourmadeira.com\/pt-pt\/wp-json\/wp\/v2\/comments?post=275"}],"version-history":[{"count":3,"href":"https:\/\/biketourmadeira.com\/pt-pt\/wp-json\/wp\/v2\/pages\/275\/revisions"}],"predecessor-version":[{"id":551,"href":"https:\/\/biketourmadeira.com\/pt-pt\/wp-json\/wp\/v2\/pages\/275\/revisions\/551"}],"wp:attachment":[{"href":"https:\/\/biketourmadeira.com\/pt-pt\/wp-json\/wp\/v2\/media?parent=275"}],"curies":[{"name":"wp","href":"https:\/\/api.w.org\/{rel}","templated":true}]}}