{"id":269,"date":"2023-02-13T14:59:54","date_gmt":"2023-02-13T14:59:54","guid":{"rendered":"https:\/\/biketourmadeira.com\/oficina\/"},"modified":"2023-03-07T14:01:12","modified_gmt":"2023-03-07T14:01:12","slug":"oficina","status":"publish","type":"page","link":"https:\/\/biketourmadeira.com\/pt-pt\/oficina\/","title":{"rendered":"Oficina"},"content":{"rendered":"\n<div class=\"wp-block-columns is-layout-flex wp-container-core-columns-is-layout-9d6595d7 wp-block-columns-is-layout-flex\">\n<div class=\"wp-block-column is-layout-flow wp-block-column-is-layout-flow\">\n<p>Se precisar de pe\u00e7as de substitui\u00e7\u00e3o ou fazer alguma manuten\u00e7\u00e3o na sua bicicleta podemos ajud\u00e1-lo na nossa Oficina.<\/p>\n\n\n\n<p>Somos parceiros Kenny oficiais da Madeira, temos todo o tipo de equipamento, capacetes, camisolas, cal\u00e7as, etc.<\/p>\n<\/div>\n\n\n\n<div class=\"wp-block-column is-layout-flow wp-block-column-is-layout-flow\">\n<figure class=\"wp-block-gallery has-nested-images columns-default is-cropped owl-gallery wp-block-gallery-1 is-layout-flex wp-block-gallery-is-layout-flex\">\n<figure class=\"wp-block-image size-large\"><a href=\"https:\/\/biketourmadeira.com\/wp-content\/uploads\/2023\/03\/BIKETOUR-016.jpg\"><img loading=\"lazy\" decoding=\"async\" width=\"1024\" height=\"682\" data-id=\"74\" src=\"https:\/\/biketourmadeira.com\/wp-content\/uploads\/2023\/03\/BIKETOUR-016-1024x682.jpg\" alt=\"\" class=\"wp-image-74\" srcset=\"https:\/\/biketourmadeira.com\/wp-content\/uploads\/2023\/03\/BIKETOUR-016-1024x682.jpg 1024w, https:\/\/biketourmadeira.com\/wp-content\/uploads\/2023\/03\/BIKETOUR-016-300x200.jpg 300w, https:\/\/biketourmadeira.com\/wp-content\/uploads\/2023\/03\/BIKETOUR-016-768x512.jpg 768w, https:\/\/biketourmadeira.com\/wp-content\/uploads\/2023\/03\/BIKETOUR-016.jpg 1280w\" sizes=\"auto, (max-width: 1024px) 100vw, 1024px\" \/><\/a><\/figure>\n\n\n\n<figure class=\"wp-block-image size-large\"><a href=\"https:\/\/biketourmadeira.com\/wp-content\/uploads\/2023\/03\/BIKETOUR-022.jpg\"><img loading=\"lazy\" decoding=\"async\" width=\"1024\" height=\"682\" data-id=\"73\" src=\"https:\/\/biketourmadeira.com\/wp-content\/uploads\/2023\/03\/BIKETOUR-022-1024x682.jpg\" alt=\"\" class=\"wp-image-73\" srcset=\"https:\/\/biketourmadeira.com\/wp-content\/uploads\/2023\/03\/BIKETOUR-022-1024x682.jpg 1024w, https:\/\/biketourmadeira.com\/wp-content\/uploads\/2023\/03\/BIKETOUR-022-300x200.jpg 300w, https:\/\/biketourmadeira.com\/wp-content\/uploads\/2023\/03\/BIKETOUR-022-768x512.jpg 768w, https:\/\/biketourmadeira.com\/wp-content\/uploads\/2023\/03\/BIKETOUR-022.jpg 1280w\" sizes=\"auto, (max-width: 1024px) 100vw, 1024px\" \/><\/a><\/figure>\n\n\n\n<figure class=\"wp-block-image size-large\"><a href=\"https:\/\/biketourmadeira.com\/wp-content\/uploads\/2023\/03\/BIKETOUR-133.jpg\"><img loading=\"lazy\" decoding=\"async\" width=\"1024\" height=\"682\" data-id=\"72\" src=\"https:\/\/biketourmadeira.com\/wp-content\/uploads\/2023\/03\/BIKETOUR-133-1024x682.jpg\" alt=\"\" class=\"wp-image-72\" srcset=\"https:\/\/biketourmadeira.com\/wp-content\/uploads\/2023\/03\/BIKETOUR-133-1024x682.jpg 1024w, https:\/\/biketourmadeira.com\/wp-content\/uploads\/2023\/03\/BIKETOUR-133-300x200.jpg 300w, https:\/\/biketourmadeira.com\/wp-content\/uploads\/2023\/03\/BIKETOUR-133-768x512.jpg 768w, https:\/\/biketourmadeira.com\/wp-content\/uploads\/2023\/03\/BIKETOUR-133.jpg 1280w\" sizes=\"auto, (max-width: 1024px) 100vw, 1024px\" \/><\/a><\/figure>\n<\/figure>\n<\/div>\n<\/div>\n","protected":false},"excerpt":{"rendered":"<p>Se precisar de pe\u00e7as de substitui\u00e7\u00e3o ou fazer alguma manuten\u00e7\u00e3o na sua bicicleta podemos ajud\u00e1-lo na nossa Oficina. Somos parceiros Kenny oficiais da Madeira, temos todo o tipo de equipamento, capacetes, camisolas, cal\u00e7as, etc.<\/p>\n","protected":false},"author":1,"featured_media":0,"parent":0,"menu_order":0,"comment_status":"closed","ping_status":"closed","template":"","meta":{"footnotes":""},"class_list":["post-269","page","type-page","status-publish","hentry"],"yoast_head":"<!-- This site is optimized with the Yoast SEO plugin v27.5 - https:\/\/yoast.com\/product\/yoast-seo-wordpress\/ -->\n<title>Oficina - BIKE TOUR Madeira Island<\/title>\n<meta name=\"robots\" content=\"index, follow, max-snippet:-1, max-image-preview:large, max-video-preview:-1\" \/>\n<link rel=\"canonical\" href=\"https:\/\/biketourmadeira.com\/pt-pt\/oficina\/\" \/>\n<meta property=\"og:locale\" content=\"pt_PT\" \/>\n<meta property=\"og:type\" content=\"article\" \/>\n<meta property=\"og:title\" content=\"Oficina - BIKE TOUR Madeira Island\" \/>\n<meta property=\"og:description\" content=\"Se precisar de pe\u00e7as de substitui\u00e7\u00e3o ou fazer alguma manuten\u00e7\u00e3o na sua bicicleta podemos ajud\u00e1-lo na nossa Oficina. Somos parceiros Kenny oficiais da Madeira, temos todo o tipo de equipamento, capacetes, camisolas, cal\u00e7as, etc.\" \/>\n<meta property=\"og:url\" content=\"https:\/\/biketourmadeira.com\/pt-pt\/oficina\/\" \/>\n<meta property=\"og:site_name\" content=\"BIKE TOUR Madeira Island\" \/>\n<meta property=\"article:publisher\" content=\"https:\/\/www.facebook.com\/biketourmadeira\" \/>\n<meta property=\"article:modified_time\" content=\"2023-03-07T14:01:12+00:00\" \/>\n<meta property=\"og:image\" content=\"https:\/\/biketourmadeira.com\/wp-content\/uploads\/2023\/03\/BIKETOUR-016-1024x682.jpg\" \/>\n<meta name=\"twitter:card\" content=\"summary_large_image\" \/>\n<script type=\"application\/ld+json\" class=\"yoast-schema-graph\">{\"@context\":\"https:\\\/\\\/schema.org\",\"@graph\":[{\"@type\":\"WebPage\",\"@id\":\"https:\\\/\\\/biketourmadeira.com\\\/pt-pt\\\/oficina\\\/\",\"url\":\"https:\\\/\\\/biketourmadeira.com\\\/pt-pt\\\/oficina\\\/\",\"name\":\"Oficina - BIKE TOUR Madeira Island\",\"isPartOf\":{\"@id\":\"https:\\\/\\\/biketourmadeira.com\\\/pt-pt\\\/#website\"},\"primaryImageOfPage\":{\"@id\":\"https:\\\/\\\/biketourmadeira.com\\\/pt-pt\\\/oficina\\\/#primaryimage\"},\"image\":{\"@id\":\"https:\\\/\\\/biketourmadeira.com\\\/pt-pt\\\/oficina\\\/#primaryimage\"},\"thumbnailUrl\":\"https:\\\/\\\/biketourmadeira.com\\\/wp-content\\\/uploads\\\/2023\\\/03\\\/BIKETOUR-016-1024x682.jpg\",\"datePublished\":\"2023-02-13T14:59:54+00:00\",\"dateModified\":\"2023-03-07T14:01:12+00:00\",\"breadcrumb\":{\"@id\":\"https:\\\/\\\/biketourmadeira.com\\\/pt-pt\\\/oficina\\\/#breadcrumb\"},\"inLanguage\":\"pt-PT\",\"potentialAction\":[{\"@type\":\"ReadAction\",\"target\":[\"https:\\\/\\\/biketourmadeira.com\\\/pt-pt\\\/oficina\\\/\"]}]},{\"@type\":\"ImageObject\",\"inLanguage\":\"pt-PT\",\"@id\":\"https:\\\/\\\/biketourmadeira.com\\\/pt-pt\\\/oficina\\\/#primaryimage\",\"url\":\"https:\\\/\\\/biketourmadeira.com\\\/wp-content\\\/uploads\\\/2023\\\/03\\\/BIKETOUR-016-1024x682.jpg\",\"contentUrl\":\"https:\\\/\\\/biketourmadeira.com\\\/wp-content\\\/uploads\\\/2023\\\/03\\\/BIKETOUR-016-1024x682.jpg\"},{\"@type\":\"BreadcrumbList\",\"@id\":\"https:\\\/\\\/biketourmadeira.com\\\/pt-pt\\\/oficina\\\/#breadcrumb\",\"itemListElement\":[{\"@type\":\"ListItem\",\"position\":1,\"name\":\"In\u00edcio\",\"item\":\"https:\\\/\\\/biketourmadeira.com\\\/pt-pt\\\/\"},{\"@type\":\"ListItem\",\"position\":2,\"name\":\"Oficina\"}]},{\"@type\":\"WebSite\",\"@id\":\"https:\\\/\\\/biketourmadeira.com\\\/pt-pt\\\/#website\",\"url\":\"https:\\\/\\\/biketourmadeira.com\\\/pt-pt\\\/\",\"name\":\"BIKE TOUR Madeira Island\",\"description\":\"MTB Rentals, Tours, Holidays and Workshop\",\"publisher\":{\"@id\":\"https:\\\/\\\/biketourmadeira.com\\\/pt-pt\\\/#organization\"},\"potentialAction\":[{\"@type\":\"SearchAction\",\"target\":{\"@type\":\"EntryPoint\",\"urlTemplate\":\"https:\\\/\\\/biketourmadeira.com\\\/pt-pt\\\/?s={search_term_string}\"},\"query-input\":{\"@type\":\"PropertyValueSpecification\",\"valueRequired\":true,\"valueName\":\"search_term_string\"}}],\"inLanguage\":\"pt-PT\"},{\"@type\":\"Organization\",\"@id\":\"https:\\\/\\\/biketourmadeira.com\\\/pt-pt\\\/#organization\",\"name\":\"BIKE TOUR Madeira Island\",\"url\":\"https:\\\/\\\/biketourmadeira.com\\\/pt-pt\\\/\",\"logo\":{\"@type\":\"ImageObject\",\"inLanguage\":\"pt-PT\",\"@id\":\"https:\\\/\\\/biketourmadeira.com\\\/pt-pt\\\/#\\\/schema\\\/logo\\\/image\\\/\",\"url\":\"https:\\\/\\\/biketourmadeira.com\\\/wp-content\\\/uploads\\\/2023\\\/03\\\/biketourmadeira-logo.jpg\",\"contentUrl\":\"https:\\\/\\\/biketourmadeira.com\\\/wp-content\\\/uploads\\\/2023\\\/03\\\/biketourmadeira-logo.jpg\",\"width\":800,\"height\":565,\"caption\":\"BIKE TOUR Madeira Island\"},\"image\":{\"@id\":\"https:\\\/\\\/biketourmadeira.com\\\/pt-pt\\\/#\\\/schema\\\/logo\\\/image\\\/\"},\"sameAs\":[\"https:\\\/\\\/www.facebook.com\\\/biketourmadeira\",\"https:\\\/\\\/www.instagram.com\\\/biketourmadeira\\\/\"]}]}<\/script>\n<!-- \/ Yoast SEO plugin. -->","yoast_head_json":{"title":"Oficina - BIKE TOUR Madeira Island","robots":{"index":"index","follow":"follow","max-snippet":"max-snippet:-1","max-image-preview":"max-image-preview:large","max-video-preview":"max-video-preview:-1"},"canonical":"https:\/\/biketourmadeira.com\/pt-pt\/oficina\/","og_locale":"pt_PT","og_type":"article","og_title":"Oficina - BIKE TOUR Madeira Island","og_description":"Se precisar de pe\u00e7as de substitui\u00e7\u00e3o ou fazer alguma manuten\u00e7\u00e3o na sua bicicleta podemos ajud\u00e1-lo na nossa Oficina. Somos parceiros Kenny oficiais da Madeira, temos todo o tipo de equipamento, capacetes, camisolas, cal\u00e7as, etc.","og_url":"https:\/\/biketourmadeira.com\/pt-pt\/oficina\/","og_site_name":"BIKE TOUR Madeira Island","article_publisher":"https:\/\/www.facebook.com\/biketourmadeira","article_modified_time":"2023-03-07T14:01:12+00:00","og_image":[{"url":"https:\/\/biketourmadeira.com\/wp-content\/uploads\/2023\/03\/BIKETOUR-016-1024x682.jpg","type":"","width":"","height":""}],"twitter_card":"summary_large_image","schema":{"@context":"https:\/\/schema.org","@graph":[{"@type":"WebPage","@id":"https:\/\/biketourmadeira.com\/pt-pt\/oficina\/","url":"https:\/\/biketourmadeira.com\/pt-pt\/oficina\/","name":"Oficina - BIKE TOUR Madeira Island","isPartOf":{"@id":"https:\/\/biketourmadeira.com\/pt-pt\/#website"},"primaryImageOfPage":{"@id":"https:\/\/biketourmadeira.com\/pt-pt\/oficina\/#primaryimage"},"image":{"@id":"https:\/\/biketourmadeira.com\/pt-pt\/oficina\/#primaryimage"},"thumbnailUrl":"https:\/\/biketourmadeira.com\/wp-content\/uploads\/2023\/03\/BIKETOUR-016-1024x682.jpg","datePublished":"2023-02-13T14:59:54+00:00","dateModified":"2023-03-07T14:01:12+00:00","breadcrumb":{"@id":"https:\/\/biketourmadeira.com\/pt-pt\/oficina\/#breadcrumb"},"inLanguage":"pt-PT","potentialAction":[{"@type":"ReadAction","target":["https:\/\/biketourmadeira.com\/pt-pt\/oficina\/"]}]},{"@type":"ImageObject","inLanguage":"pt-PT","@id":"https:\/\/biketourmadeira.com\/pt-pt\/oficina\/#primaryimage","url":"https:\/\/biketourmadeira.com\/wp-content\/uploads\/2023\/03\/BIKETOUR-016-1024x682.jpg","contentUrl":"https:\/\/biketourmadeira.com\/wp-content\/uploads\/2023\/03\/BIKETOUR-016-1024x682.jpg"},{"@type":"BreadcrumbList","@id":"https:\/\/biketourmadeira.com\/pt-pt\/oficina\/#breadcrumb","itemListElement":[{"@type":"ListItem","position":1,"name":"In\u00edcio","item":"https:\/\/biketourmadeira.com\/pt-pt\/"},{"@type":"ListItem","position":2,"name":"Oficina"}]},{"@type":"WebSite","@id":"https:\/\/biketourmadeira.com\/pt-pt\/#website","url":"https:\/\/biketourmadeira.com\/pt-pt\/","name":"BIKE TOUR Madeira Island","description":"MTB Rentals, Tours, Holidays and Workshop","publisher":{"@id":"https:\/\/biketourmadeira.com\/pt-pt\/#organization"},"potentialAction":[{"@type":"SearchAction","target":{"@type":"EntryPoint","urlTemplate":"https:\/\/biketourmadeira.com\/pt-pt\/?s={search_term_string}"},"query-input":{"@type":"PropertyValueSpecification","valueRequired":true,"valueName":"search_term_string"}}],"inLanguage":"pt-PT"},{"@type":"Organization","@id":"https:\/\/biketourmadeira.com\/pt-pt\/#organization","name":"BIKE TOUR Madeira Island","url":"https:\/\/biketourmadeira.com\/pt-pt\/","logo":{"@type":"ImageObject","inLanguage":"pt-PT","@id":"https:\/\/biketourmadeira.com\/pt-pt\/#\/schema\/logo\/image\/","url":"https:\/\/biketourmadeira.com\/wp-content\/uploads\/2023\/03\/biketourmadeira-logo.jpg","contentUrl":"https:\/\/biketourmadeira.com\/wp-content\/uploads\/2023\/03\/biketourmadeira-logo.jpg","width":800,"height":565,"caption":"BIKE TOUR Madeira Island"},"image":{"@id":"https:\/\/biketourmadeira.com\/pt-pt\/#\/schema\/logo\/image\/"},"sameAs":["https:\/\/www.facebook.com\/biketourmadeira","https:\/\/www.instagram.com\/biketourmadeira\/"]}]}},"_links":{"self":[{"href":"https:\/\/biketourmadeira.com\/pt-pt\/wp-json\/wp\/v2\/pages\/269","targetHints":{"allow":["GET"]}}],"collection":[{"href":"https:\/\/biketourmadeira.com\/pt-pt\/wp-json\/wp\/v2\/pages"}],"about":[{"href":"https:\/\/biketourmadeira.com\/pt-pt\/wp-json\/wp\/v2\/types\/page"}],"author":[{"embeddable":true,"href":"https:\/\/biketourmadeira.com\/pt-pt\/wp-json\/wp\/v2\/users\/1"}],"replies":[{"embeddable":true,"href":"https:\/\/biketourmadeira.com\/pt-pt\/wp-json\/wp\/v2\/comments?post=269"}],"version-history":[{"count":2,"href":"https:\/\/biketourmadeira.com\/pt-pt\/wp-json\/wp\/v2\/pages\/269\/revisions"}],"predecessor-version":[{"id":271,"href":"https:\/\/biketourmadeira.com\/pt-pt\/wp-json\/wp\/v2\/pages\/269\/revisions\/271"}],"wp:attachment":[{"href":"https:\/\/biketourmadeira.com\/pt-pt\/wp-json\/wp\/v2\/media?parent=269"}],"curies":[{"name":"wp","href":"https:\/\/api.w.org\/{rel}","templated":true}]}}