{"id":267,"date":"2023-02-06T13:00:18","date_gmt":"2023-02-06T13:00:18","guid":{"rendered":"https:\/\/biketourmadeira.com\/servicos\/"},"modified":"2023-06-07T16:45:35","modified_gmt":"2023-06-07T15:45:35","slug":"servicos","status":"publish","type":"page","link":"https:\/\/biketourmadeira.com\/pt-pt\/servicos\/","title":{"rendered":"Servi\u00e7os"},"content":{"rendered":"\n<div class=\"wp-block-columns is-layout-flex wp-container-core-columns-is-layout-9d6595d7 wp-block-columns-is-layout-flex\">\n<div class=\"wp-block-column is-layout-flow wp-block-column-is-layout-flow\">\n<h2 class=\"wp-block-heading\">Aluguer de bicicletas<\/h2>\n\n\n\n<p>Alugue uma e-bike Hardtrail para descobrir a beleza da Ilha da Madeira. Aconselhamos um percurso com os melhores pontos tur\u00edsticos da zona (Ponta do Pargo), desde miradouros \/ farol \/ cascata..<\/p>\n\n\n\n<div class=\"wp-block-buttons is-layout-flex wp-block-buttons-is-layout-flex\">\n<div class=\"wp-block-button\"><a class=\"wp-block-button__link wp-element-button\" href=\"https:\/\/biketourmadeira.com\/pt-pt\/aluguer-de-bicicletas\/\">Mais informa\u00e7\u00f5es <i class=\"far fa-hand-point-right\"><\/i><\/a><\/div>\n<\/div>\n<\/div>\n\n\n\n<div class=\"wp-block-column is-layout-flow wp-block-column-is-layout-flow\">\n<figure class=\"wp-block-image size-large\"><a href=\"https:\/\/biketourmadeira.com\/wp-content\/uploads\/2023\/03\/BIKETOUR-133.jpg\"><img loading=\"lazy\" decoding=\"async\" width=\"1024\" height=\"682\" src=\"https:\/\/biketourmadeira.com\/wp-content\/uploads\/2023\/03\/BIKETOUR-133-1024x682.jpg\" alt=\"\" class=\"wp-image-72\" srcset=\"https:\/\/biketourmadeira.com\/wp-content\/uploads\/2023\/03\/BIKETOUR-133-1024x682.jpg 1024w, https:\/\/biketourmadeira.com\/wp-content\/uploads\/2023\/03\/BIKETOUR-133-300x200.jpg 300w, https:\/\/biketourmadeira.com\/wp-content\/uploads\/2023\/03\/BIKETOUR-133-768x512.jpg 768w, https:\/\/biketourmadeira.com\/wp-content\/uploads\/2023\/03\/BIKETOUR-133.jpg 1280w\" sizes=\"auto, (max-width: 1024px) 100vw, 1024px\" \/><\/a><\/figure>\n<\/div>\n<\/div>\n\n\n\n<div class=\"wp-block-columns is-layout-flex wp-container-core-columns-is-layout-9d6595d7 wp-block-columns-is-layout-flex\">\n<div class=\"wp-block-column is-layout-flow wp-block-column-is-layout-flow\">\n<h2 class=\"wp-block-heading\">Passeios<\/h2>\n\n\n\n<p>BTT Enduro na Ilha da Madeira significa ser transportado at\u00e9 as montanhas mais altas para usufruir das melhores descidas, saltar, ultrapassar se\u00e7\u00f5es t\u00e9cnicas e zonas de pedras, aproveitando ao m\u00e1ximo a pedalada.<\/p>\n\n\n\n<p>Poder\u00e1 usar a sua pr\u00f3pria bicicleta ou alugar uma conosco<\/p>\n\n\n\n<div class=\"wp-block-buttons is-layout-flex wp-block-buttons-is-layout-flex\">\n<div class=\"wp-block-button\"><a class=\"wp-block-button__link wp-element-button\" href=\"https:\/\/biketourmadeira.com\/pt-pt\/passeios\/\">Mais informa\u00e7\u00f5es <i class=\"far fa-hand-point-right\"><\/i><\/a><\/div>\n<\/div>\n<\/div>\n\n\n\n<div class=\"wp-block-column is-layout-flow wp-block-column-is-layout-flow\">\n<figure class=\"wp-block-image size-large\"><a href=\"https:\/\/biketourmadeira.com\/wp-content\/uploads\/2023\/03\/BIKETOUR-144-1.jpg\"><img loading=\"lazy\" decoding=\"async\" width=\"1024\" height=\"682\" src=\"https:\/\/biketourmadeira.com\/wp-content\/uploads\/2023\/03\/BIKETOUR-144-1-1024x682.jpg\" alt=\"\" class=\"wp-image-88\" srcset=\"https:\/\/biketourmadeira.com\/wp-content\/uploads\/2023\/03\/BIKETOUR-144-1-1024x682.jpg 1024w, https:\/\/biketourmadeira.com\/wp-content\/uploads\/2023\/03\/BIKETOUR-144-1-300x200.jpg 300w, https:\/\/biketourmadeira.com\/wp-content\/uploads\/2023\/03\/BIKETOUR-144-1-768x512.jpg 768w, https:\/\/biketourmadeira.com\/wp-content\/uploads\/2023\/03\/BIKETOUR-144-1.jpg 1280w\" sizes=\"auto, (max-width: 1024px) 100vw, 1024px\" \/><\/a><\/figure>\n<\/div>\n<\/div>\n\n\n\n<div class=\"wp-block-columns is-layout-flex wp-container-core-columns-is-layout-9d6595d7 wp-block-columns-is-layout-flex\">\n<div class=\"wp-block-column is-layout-flow wp-block-column-is-layout-flow\">\n<h2 class=\"wp-block-heading\">F\u00e9rias<\/h2>\n\n\n\n<p>Se procura as melhores f\u00e9rias BTT, veio ao lugar certo. Faremos o poss\u00edvel para mostrar a Madeira como a conhecemos. De norte a sul e de este a oeste, ir\u00e1s experimentar alguns dos considerados melhores trilhos do mundo.<\/p>\n\n\n\n<p>Poder\u00e1 usar a sua pr\u00f3pria bicicleta ou alugar uma conosco<\/p>\n\n\n\n<div class=\"wp-block-buttons is-layout-flex wp-block-buttons-is-layout-flex\">\n<div class=\"wp-block-button\"><a class=\"wp-block-button__link wp-element-button\" href=\"https:\/\/biketourmadeira.com\/pt-pt\/ferias\/\">Mais informa\u00e7\u00f5es <i class=\"far fa-hand-point-right\"><\/i><\/a><\/div>\n<\/div>\n<\/div>\n\n\n\n<div class=\"wp-block-column is-layout-flow wp-block-column-is-layout-flow\">\n<figure class=\"wp-block-image size-large\"><a href=\"https:\/\/biketourmadeira.com\/wp-content\/uploads\/2023\/03\/BIKETOUR-110.jpg\"><img loading=\"lazy\" decoding=\"async\" width=\"1024\" height=\"682\" src=\"https:\/\/biketourmadeira.com\/wp-content\/uploads\/2023\/03\/BIKETOUR-110-1024x682.jpg\" alt=\"\" class=\"wp-image-54\" srcset=\"https:\/\/biketourmadeira.com\/wp-content\/uploads\/2023\/03\/BIKETOUR-110-1024x682.jpg 1024w, https:\/\/biketourmadeira.com\/wp-content\/uploads\/2023\/03\/BIKETOUR-110-300x200.jpg 300w, https:\/\/biketourmadeira.com\/wp-content\/uploads\/2023\/03\/BIKETOUR-110-768x512.jpg 768w, https:\/\/biketourmadeira.com\/wp-content\/uploads\/2023\/03\/BIKETOUR-110.jpg 1280w\" sizes=\"auto, (max-width: 1024px) 100vw, 1024px\" \/><\/a><\/figure>\n<\/div>\n<\/div>\n\n\n\n<div class=\"wp-block-columns is-layout-flex wp-container-core-columns-is-layout-9d6595d7 wp-block-columns-is-layout-flex\">\n<div class=\"wp-block-column is-layout-flow wp-block-column-is-layout-flow\">\n<h2 class=\"wp-block-heading\">Oficina<\/h2>\n\n\n\n<p>Na nossa oficina podemos fazer manuten\u00e7\u00e3o da sua bicicleta e temos bastante pe\u00e7as de reposi\u00e7\u00e3o.<\/p>\n\n\n\n<p>Somos concession\u00e1rios oficiais da Kenny Racing na Ilha da Madeira fa\u00e7a-nos uma visita.<\/p>\n\n\n\n<div class=\"wp-block-buttons is-layout-flex wp-block-buttons-is-layout-flex\">\n<div class=\"wp-block-button\"><a class=\"wp-block-button__link wp-element-button\" href=\"https:\/\/biketourmadeira.com\/pt-pt\/oficina\/\">Mais informa\u00e7\u00f5es <i class=\"far fa-hand-point-right\"><\/i><\/a><\/div>\n<\/div>\n<\/div>\n\n\n\n<div class=\"wp-block-column is-layout-flow wp-block-column-is-layout-flow\">\n<figure class=\"wp-block-image size-large\"><a href=\"https:\/\/biketourmadeira.com\/wp-content\/uploads\/2023\/03\/BIKETOUR-022.jpg\"><img loading=\"lazy\" decoding=\"async\" width=\"1024\" height=\"682\" src=\"https:\/\/biketourmadeira.com\/wp-content\/uploads\/2023\/03\/BIKETOUR-022-1024x682.jpg\" alt=\"\" class=\"wp-image-73\" srcset=\"https:\/\/biketourmadeira.com\/wp-content\/uploads\/2023\/03\/BIKETOUR-022-1024x682.jpg 1024w, https:\/\/biketourmadeira.com\/wp-content\/uploads\/2023\/03\/BIKETOUR-022-300x200.jpg 300w, https:\/\/biketourmadeira.com\/wp-content\/uploads\/2023\/03\/BIKETOUR-022-768x512.jpg 768w, https:\/\/biketourmadeira.com\/wp-content\/uploads\/2023\/03\/BIKETOUR-022.jpg 1280w\" sizes=\"auto, (max-width: 1024px) 100vw, 1024px\" \/><\/a><\/figure>\n<\/div>\n<\/div>\n","protected":false},"excerpt":{"rendered":"<p>Aluguer de bicicletas Alugue uma e-bike Hardtrail para descobrir a beleza da Ilha da Madeira. Aconselhamos um percurso com os melhores pontos tur\u00edsticos da zona (Ponta do Pargo), desde miradouros \/ farol \/ cascata.. Passeios BTT Enduro na Ilha da Madeira significa ser transportado at\u00e9 as montanhas mais altas para usufruir das melhores descidas, saltar, [&hellip;]<\/p>\n","protected":false},"author":1,"featured_media":0,"parent":0,"menu_order":0,"comment_status":"closed","ping_status":"closed","template":"","meta":{"footnotes":""},"class_list":["post-267","page","type-page","status-publish","hentry"],"yoast_head":"<!-- This site is optimized with the Yoast SEO plugin v27.6 - https:\/\/yoast.com\/product\/yoast-seo-wordpress\/ -->\n<title>Servi\u00e7os - BIKE TOUR Madeira Island<\/title>\n<meta name=\"description\" content=\"Os servi\u00e7os que oferecemos aos nossos clientes Aluguer de bicicletas, Passeios, F\u00e9rias e podemos resolver os problemas na nossa oficina.\" \/>\n<meta name=\"robots\" content=\"index, follow, max-snippet:-1, max-image-preview:large, max-video-preview:-1\" \/>\n<link rel=\"canonical\" href=\"https:\/\/biketourmadeira.com\/pt-pt\/servicos\/\" \/>\n<meta property=\"og:locale\" content=\"pt_PT\" \/>\n<meta property=\"og:type\" content=\"article\" \/>\n<meta property=\"og:title\" content=\"Servi\u00e7os - BIKE TOUR Madeira Island\" \/>\n<meta property=\"og:description\" content=\"Os servi\u00e7os que oferecemos aos nossos clientes Aluguer de bicicletas, Passeios, F\u00e9rias e podemos resolver os problemas na nossa oficina.\" \/>\n<meta property=\"og:url\" content=\"https:\/\/biketourmadeira.com\/pt-pt\/servicos\/\" \/>\n<meta property=\"og:site_name\" content=\"BIKE TOUR Madeira Island\" \/>\n<meta property=\"article:publisher\" content=\"https:\/\/www.facebook.com\/biketourmadeira\" \/>\n<meta property=\"article:modified_time\" content=\"2023-06-07T15:45:35+00:00\" \/>\n<meta property=\"og:image\" content=\"https:\/\/biketourmadeira.com\/wp-content\/uploads\/2023\/03\/BIKETOUR-133-1024x682.jpg\" \/>\n<meta name=\"twitter:card\" content=\"summary_large_image\" \/>\n<meta name=\"twitter:label1\" content=\"Tempo estimado de leitura\" \/>\n\t<meta name=\"twitter:data1\" content=\"2 minutos\" \/>\n<script type=\"application\/ld+json\" class=\"yoast-schema-graph\">{\"@context\":\"https:\\\/\\\/schema.org\",\"@graph\":[{\"@type\":\"WebPage\",\"@id\":\"https:\\\/\\\/biketourmadeira.com\\\/pt-pt\\\/servicos\\\/\",\"url\":\"https:\\\/\\\/biketourmadeira.com\\\/pt-pt\\\/servicos\\\/\",\"name\":\"Servi\u00e7os - BIKE TOUR Madeira Island\",\"isPartOf\":{\"@id\":\"https:\\\/\\\/biketourmadeira.com\\\/pt-pt\\\/#website\"},\"primaryImageOfPage\":{\"@id\":\"https:\\\/\\\/biketourmadeira.com\\\/pt-pt\\\/servicos\\\/#primaryimage\"},\"image\":{\"@id\":\"https:\\\/\\\/biketourmadeira.com\\\/pt-pt\\\/servicos\\\/#primaryimage\"},\"thumbnailUrl\":\"https:\\\/\\\/biketourmadeira.com\\\/wp-content\\\/uploads\\\/2023\\\/03\\\/BIKETOUR-133-1024x682.jpg\",\"datePublished\":\"2023-02-06T13:00:18+00:00\",\"dateModified\":\"2023-06-07T15:45:35+00:00\",\"description\":\"Os servi\u00e7os que oferecemos aos nossos clientes Aluguer de bicicletas, Passeios, F\u00e9rias e podemos resolver os problemas na nossa oficina.\",\"breadcrumb\":{\"@id\":\"https:\\\/\\\/biketourmadeira.com\\\/pt-pt\\\/servicos\\\/#breadcrumb\"},\"inLanguage\":\"pt-PT\",\"potentialAction\":[{\"@type\":\"ReadAction\",\"target\":[\"https:\\\/\\\/biketourmadeira.com\\\/pt-pt\\\/servicos\\\/\"]}]},{\"@type\":\"ImageObject\",\"inLanguage\":\"pt-PT\",\"@id\":\"https:\\\/\\\/biketourmadeira.com\\\/pt-pt\\\/servicos\\\/#primaryimage\",\"url\":\"https:\\\/\\\/biketourmadeira.com\\\/wp-content\\\/uploads\\\/2023\\\/03\\\/BIKETOUR-133-1024x682.jpg\",\"contentUrl\":\"https:\\\/\\\/biketourmadeira.com\\\/wp-content\\\/uploads\\\/2023\\\/03\\\/BIKETOUR-133-1024x682.jpg\"},{\"@type\":\"BreadcrumbList\",\"@id\":\"https:\\\/\\\/biketourmadeira.com\\\/pt-pt\\\/servicos\\\/#breadcrumb\",\"itemListElement\":[{\"@type\":\"ListItem\",\"position\":1,\"name\":\"In\u00edcio\",\"item\":\"https:\\\/\\\/biketourmadeira.com\\\/pt-pt\\\/\"},{\"@type\":\"ListItem\",\"position\":2,\"name\":\"Servi\u00e7os\"}]},{\"@type\":\"WebSite\",\"@id\":\"https:\\\/\\\/biketourmadeira.com\\\/pt-pt\\\/#website\",\"url\":\"https:\\\/\\\/biketourmadeira.com\\\/pt-pt\\\/\",\"name\":\"BIKE TOUR Madeira Island\",\"description\":\"MTB Rentals, Tours, Holidays and Workshop\",\"publisher\":{\"@id\":\"https:\\\/\\\/biketourmadeira.com\\\/pt-pt\\\/#organization\"},\"potentialAction\":[{\"@type\":\"SearchAction\",\"target\":{\"@type\":\"EntryPoint\",\"urlTemplate\":\"https:\\\/\\\/biketourmadeira.com\\\/pt-pt\\\/?s={search_term_string}\"},\"query-input\":{\"@type\":\"PropertyValueSpecification\",\"valueRequired\":true,\"valueName\":\"search_term_string\"}}],\"inLanguage\":\"pt-PT\"},{\"@type\":\"Organization\",\"@id\":\"https:\\\/\\\/biketourmadeira.com\\\/pt-pt\\\/#organization\",\"name\":\"BIKE TOUR Madeira Island\",\"url\":\"https:\\\/\\\/biketourmadeira.com\\\/pt-pt\\\/\",\"logo\":{\"@type\":\"ImageObject\",\"inLanguage\":\"pt-PT\",\"@id\":\"https:\\\/\\\/biketourmadeira.com\\\/pt-pt\\\/#\\\/schema\\\/logo\\\/image\\\/\",\"url\":\"https:\\\/\\\/biketourmadeira.com\\\/wp-content\\\/uploads\\\/2023\\\/03\\\/biketourmadeira-logo.jpg\",\"contentUrl\":\"https:\\\/\\\/biketourmadeira.com\\\/wp-content\\\/uploads\\\/2023\\\/03\\\/biketourmadeira-logo.jpg\",\"width\":800,\"height\":565,\"caption\":\"BIKE TOUR Madeira Island\"},\"image\":{\"@id\":\"https:\\\/\\\/biketourmadeira.com\\\/pt-pt\\\/#\\\/schema\\\/logo\\\/image\\\/\"},\"sameAs\":[\"https:\\\/\\\/www.facebook.com\\\/biketourmadeira\",\"https:\\\/\\\/www.instagram.com\\\/biketourmadeira\\\/\"]}]}<\/script>\n<!-- \/ Yoast SEO plugin. -->","yoast_head_json":{"title":"Servi\u00e7os - BIKE TOUR Madeira Island","description":"Os servi\u00e7os que oferecemos aos nossos clientes Aluguer de bicicletas, Passeios, F\u00e9rias e podemos resolver os problemas na nossa oficina.","robots":{"index":"index","follow":"follow","max-snippet":"max-snippet:-1","max-image-preview":"max-image-preview:large","max-video-preview":"max-video-preview:-1"},"canonical":"https:\/\/biketourmadeira.com\/pt-pt\/servicos\/","og_locale":"pt_PT","og_type":"article","og_title":"Servi\u00e7os - BIKE TOUR Madeira Island","og_description":"Os servi\u00e7os que oferecemos aos nossos clientes Aluguer de bicicletas, Passeios, F\u00e9rias e podemos resolver os problemas na nossa oficina.","og_url":"https:\/\/biketourmadeira.com\/pt-pt\/servicos\/","og_site_name":"BIKE TOUR Madeira Island","article_publisher":"https:\/\/www.facebook.com\/biketourmadeira","article_modified_time":"2023-06-07T15:45:35+00:00","og_image":[{"url":"https:\/\/biketourmadeira.com\/wp-content\/uploads\/2023\/03\/BIKETOUR-133-1024x682.jpg","type":"","width":"","height":""}],"twitter_card":"summary_large_image","twitter_misc":{"Tempo estimado de leitura":"2 minutos"},"schema":{"@context":"https:\/\/schema.org","@graph":[{"@type":"WebPage","@id":"https:\/\/biketourmadeira.com\/pt-pt\/servicos\/","url":"https:\/\/biketourmadeira.com\/pt-pt\/servicos\/","name":"Servi\u00e7os - BIKE TOUR Madeira Island","isPartOf":{"@id":"https:\/\/biketourmadeira.com\/pt-pt\/#website"},"primaryImageOfPage":{"@id":"https:\/\/biketourmadeira.com\/pt-pt\/servicos\/#primaryimage"},"image":{"@id":"https:\/\/biketourmadeira.com\/pt-pt\/servicos\/#primaryimage"},"thumbnailUrl":"https:\/\/biketourmadeira.com\/wp-content\/uploads\/2023\/03\/BIKETOUR-133-1024x682.jpg","datePublished":"2023-02-06T13:00:18+00:00","dateModified":"2023-06-07T15:45:35+00:00","description":"Os servi\u00e7os que oferecemos aos nossos clientes Aluguer de bicicletas, Passeios, F\u00e9rias e podemos resolver os problemas na nossa oficina.","breadcrumb":{"@id":"https:\/\/biketourmadeira.com\/pt-pt\/servicos\/#breadcrumb"},"inLanguage":"pt-PT","potentialAction":[{"@type":"ReadAction","target":["https:\/\/biketourmadeira.com\/pt-pt\/servicos\/"]}]},{"@type":"ImageObject","inLanguage":"pt-PT","@id":"https:\/\/biketourmadeira.com\/pt-pt\/servicos\/#primaryimage","url":"https:\/\/biketourmadeira.com\/wp-content\/uploads\/2023\/03\/BIKETOUR-133-1024x682.jpg","contentUrl":"https:\/\/biketourmadeira.com\/wp-content\/uploads\/2023\/03\/BIKETOUR-133-1024x682.jpg"},{"@type":"BreadcrumbList","@id":"https:\/\/biketourmadeira.com\/pt-pt\/servicos\/#breadcrumb","itemListElement":[{"@type":"ListItem","position":1,"name":"In\u00edcio","item":"https:\/\/biketourmadeira.com\/pt-pt\/"},{"@type":"ListItem","position":2,"name":"Servi\u00e7os"}]},{"@type":"WebSite","@id":"https:\/\/biketourmadeira.com\/pt-pt\/#website","url":"https:\/\/biketourmadeira.com\/pt-pt\/","name":"BIKE TOUR Madeira Island","description":"MTB Rentals, Tours, Holidays and Workshop","publisher":{"@id":"https:\/\/biketourmadeira.com\/pt-pt\/#organization"},"potentialAction":[{"@type":"SearchAction","target":{"@type":"EntryPoint","urlTemplate":"https:\/\/biketourmadeira.com\/pt-pt\/?s={search_term_string}"},"query-input":{"@type":"PropertyValueSpecification","valueRequired":true,"valueName":"search_term_string"}}],"inLanguage":"pt-PT"},{"@type":"Organization","@id":"https:\/\/biketourmadeira.com\/pt-pt\/#organization","name":"BIKE TOUR Madeira Island","url":"https:\/\/biketourmadeira.com\/pt-pt\/","logo":{"@type":"ImageObject","inLanguage":"pt-PT","@id":"https:\/\/biketourmadeira.com\/pt-pt\/#\/schema\/logo\/image\/","url":"https:\/\/biketourmadeira.com\/wp-content\/uploads\/2023\/03\/biketourmadeira-logo.jpg","contentUrl":"https:\/\/biketourmadeira.com\/wp-content\/uploads\/2023\/03\/biketourmadeira-logo.jpg","width":800,"height":565,"caption":"BIKE TOUR Madeira Island"},"image":{"@id":"https:\/\/biketourmadeira.com\/pt-pt\/#\/schema\/logo\/image\/"},"sameAs":["https:\/\/www.facebook.com\/biketourmadeira","https:\/\/www.instagram.com\/biketourmadeira\/"]}]}},"_links":{"self":[{"href":"https:\/\/biketourmadeira.com\/pt-pt\/wp-json\/wp\/v2\/pages\/267","targetHints":{"allow":["GET"]}}],"collection":[{"href":"https:\/\/biketourmadeira.com\/pt-pt\/wp-json\/wp\/v2\/pages"}],"about":[{"href":"https:\/\/biketourmadeira.com\/pt-pt\/wp-json\/wp\/v2\/types\/page"}],"author":[{"embeddable":true,"href":"https:\/\/biketourmadeira.com\/pt-pt\/wp-json\/wp\/v2\/users\/1"}],"replies":[{"embeddable":true,"href":"https:\/\/biketourmadeira.com\/pt-pt\/wp-json\/wp\/v2\/comments?post=267"}],"version-history":[{"count":3,"href":"https:\/\/biketourmadeira.com\/pt-pt\/wp-json\/wp\/v2\/pages\/267\/revisions"}],"predecessor-version":[{"id":368,"href":"https:\/\/biketourmadeira.com\/pt-pt\/wp-json\/wp\/v2\/pages\/267\/revisions\/368"}],"wp:attachment":[{"href":"https:\/\/biketourmadeira.com\/pt-pt\/wp-json\/wp\/v2\/media?parent=267"}],"curies":[{"name":"wp","href":"https:\/\/api.w.org\/{rel}","templated":true}]}}